{"id":173,"date":"2022-02-12T16:05:18","date_gmt":"2022-02-12T16:05:18","guid":{"rendered":"https:\/\/gkuznik.hosting24.pl\/?page_id=173"},"modified":"2022-02-21T20:04:14","modified_gmt":"2022-02-21T20:04:14","slug":"rechtsinformation","status":"publish","type":"page","link":"https:\/\/komornik-kuznik.pl\/de\/rechtsinformation\/","title":{"rendered":"Rechtsinformation"},"content":{"rendered":"\t\t<div data-elementor-type=\"wp-page\" data-elementor-id=\"173\" class=\"elementor elementor-173\" data-elementor-settings=\"[]\">\n\t\t\t\t\t\t\t<div class=\"elementor-section-wrap\">\n\t\t\t\t\t\t\t<section class=\"elementor-section elementor-top-section elementor-element elementor-element-719d7636 elementor-section-boxed elementor-section-height-default elementor-section-height-default\" data-id=\"719d7636\" data-element_type=\"section\">\n\t\t\t\t\t\t<div class=\"elementor-container elementor-column-gap-default\">\n\t\t\t\t\t<div class=\"elementor-column elementor-col-100 elementor-top-column elementor-element elementor-element-1d18e0c6\" data-id=\"1d18e0c6\" data-element_type=\"column\">\n\t\t\t<div class=\"elementor-widget-wrap elementor-element-populated\">\n\t\t\t\t\t\t\t\t<div class=\"elementor-element elementor-element-160189e5 elementor-widget elementor-widget-html\" data-id=\"160189e5\" data-element_type=\"widget\" data-widget_type=\"html.default\">\n\t\t\t\t<div class=\"elementor-widget-container\">\n\t\t\t<style>\nol.lowerLatin > li::marker { \n   content: counter(list-item, lower-latin) ') ';\n}\n\nol.list > li::marker { \n   content: counters(list-item,'.') ') ';\n}\n.link{\n    color: white;\n    text-decoration: underline !important; \n    font-weight: bold;\n}\n<\/style>\t\t<\/div>\n\t\t\t\t<\/div>\n\t\t\t\t\t<\/div>\n\t\t<\/div>\n\t\t\t\t\t\t\t<\/div>\n\t\t<\/section>\n\t\t\t\t<section class=\"elementor-section elementor-top-section elementor-element elementor-element-596fe274 elementor-section-boxed elementor-section-height-default elementor-section-height-default\" data-id=\"596fe274\" data-element_type=\"section\">\n\t\t\t\t\t\t<div class=\"elementor-container elementor-column-gap-default\">\n\t\t\t\t\t<div class=\"elementor-column elementor-col-100 elementor-top-column elementor-element elementor-element-544cb0c7\" data-id=\"544cb0c7\" data-element_type=\"column\">\n\t\t\t<div class=\"elementor-widget-wrap elementor-element-populated\">\n\t\t\t\t\t\t\t\t<div class=\"elementor-element elementor-element-5bf881ae elementor-widget elementor-widget-advanced-text-block\" data-id=\"5bf881ae\" data-element_type=\"widget\" data-widget_type=\"advanced-text-block.default\">\n\t\t\t\t<div class=\"elementor-widget-container\">\n\t\t\t<div class=\"futurio_extra_adv_text_block animate-general\"  data-animate-type=\"transition.fadeIn\" data-animate-delay=\"30\"><div class=\"text-content-block\"><strong>Der genaue T\u00e4tigkeitsbereich der Gerichtsvollzieher ist im Gesetz \u00fcber die Gerichtsvollzieher vom\n22. M\u00e4rz 2018 (GBl. 2018 Pos. 771 msp\u00e4t\u00c4nd, Abk. uks) geregelt. Gem\u00e4\u00df Art. 3 Absatz 3 uks obliegen dem Gerichtsvollzieher die folgenden Aufgaben\n:<\/strong>\n<ol class=\"list\">\n \t<li>die Vollstreckung von Urteilen in F\u00e4llen von Geld- und Nichtgeldforderungen und die Sicherstellung der Zwangsvollstreckung, einschlie\u00dflich europaweit g\u00fcltiger Beschl\u00fcsse zur\nvorl\u00e4ufigen Kontenpf\u00e4ndung, vorbehaltlich der Ausnahmen, die in der Zivilprozessordnung vom 17. November 1964 erfasst sind (GBl. Nr. 43, Pos. 296 msp\u00e4t\u00c4nd, Abk. kpc);\n<\/li>\n \t<li>die Vollstreckung anderer ollstreckungsbescheide mit der Vollstreckungsklausel und Vollstreckungsbescheide, die der gerichtlichen Vollstreckung unterliegen, ohne sie mit einer\nVollstreckungsklausel zu versehen;\n<ol class=\"lowerLatin\">\n \t<li>die Vollstreckung von Beschl\u00fcssen zur Sicherstellung von Beweismitteln und von Beschl\u00fcssen\nzur Offenlegung von Beweismitteln im Rahmen von Verfahren, die geistiges Eigentum zum\nGegenstand haben;<\/li>\n<\/ol>\n<\/li>\n \t<li>die Vollstreckung von Beschl\u00fcssen zur Sicherstellung des Erbes oder zur Erstellung von\nInventarlisten\n;<\/li>\n \t<li>die Erf\u00fcllung von Aufgaben, die in anderen Rechtsakten bzw. Gesetzen festgelegt sind.<\/li>\n<\/ol><\/div><\/div>\t\t<\/div>\n\t\t\t\t<\/div>\n\t\t\t\t\t<\/div>\n\t\t<\/div>\n\t\t\t\t\t\t\t<\/div>\n\t\t<\/section>\n\t\t\t\t<section class=\"elementor-section elementor-top-section elementor-element elementor-element-3bc3415e elementor-section-boxed elementor-section-height-default elementor-section-height-default\" data-id=\"3bc3415e\" data-element_type=\"section\">\n\t\t\t\t\t\t<div class=\"elementor-container elementor-column-gap-default\">\n\t\t\t\t\t<div class=\"elementor-column elementor-col-100 elementor-top-column elementor-element elementor-element-457cffe7\" data-id=\"457cffe7\" data-element_type=\"column\">\n\t\t\t<div class=\"elementor-widget-wrap elementor-element-populated\">\n\t\t\t\t\t\t\t\t<div class=\"elementor-element elementor-element-75c49a80 elementor-widget elementor-widget-advanced-text-block\" data-id=\"75c49a80\" data-element_type=\"widget\" data-widget_type=\"advanced-text-block.default\">\n\t\t\t\t<div class=\"elementor-widget-container\">\n\t\t\t<div class=\"futurio_extra_adv_text_block animate-general\"  data-animate-type=\"transition.fadeIn\" data-animate-delay=\"30\"><div class=\"text-content-block\"><strong>\u00dcber die in Art. 3 Absatz 3 uks festgelegten Aufgaben \u00fcbt der Gerichtsvollzieher auch die\nfolgenden T\u00e4tigkeiten aus\n:<\/strong>\n<ol class=\"list\">\n \t<li>auf Antrag des Gerichts oder auf Antrag des vom Gericht in Pflicht genommenen Kl\u00e4gers stellt\ner gem\u00e4\u00df Art. 139 (1) \u00a7 1 kpc dem Adressaten der Klage Gerichtsbescheide, Schrifts\u00e4tze und\nandere Gerichtsdokumente mit Empfangsbest\u00e4tigung und Angabe des Datums direkt und pers\u00f6nlich\nzu oder macht die Unerreichbarkeit des Adressaten unter der von ihm angegebenen amtlichen\nAdresse aktenkundig;\n<ol class=\"lowerLatin\">\n \t<li>auf Antrag des Gerichts oder auf Antrag des vom Gericht in Pflicht genommenen Kl\u00e4gers\nunternimmt er Handlungen, um die aktuelle Adresse des Adressaten zu ermitteln;<\/li>\n<\/ol>\n<\/li>\n \t<li>fertigt das Protokoll \u00fcber den Ist-Bestand an;<\/li>\n \t<li>\u00fcbt auf Antrag des Versteigerungsverwalters die amtliche Aufsicht \u00fcber freiwillige \u00f6ffentliche\nAuktionen aus, wobei das niedrigste oder das h\u00f6chste Gebot offiziell von ihm best\u00e4tigt wird.<\/li>\n<\/ol><\/div><\/div>\t\t<\/div>\n\t\t\t\t<\/div>\n\t\t\t\t\t<\/div>\n\t\t<\/div>\n\t\t\t\t\t\t\t<\/div>\n\t\t<\/section>\n\t\t\t\t<section class=\"elementor-section elementor-top-section elementor-element elementor-element-1e57b6b elementor-section-boxed elementor-section-height-default elementor-section-height-default\" data-id=\"1e57b6b\" data-element_type=\"section\">\n\t\t\t\t\t\t<div class=\"elementor-container elementor-column-gap-default\">\n\t\t\t\t\t<div class=\"elementor-column elementor-col-100 elementor-top-column elementor-element elementor-element-21b601d\" data-id=\"21b601d\" data-element_type=\"column\">\n\t\t\t<div class=\"elementor-widget-wrap elementor-element-populated\">\n\t\t\t\t\t\t\t\t<div class=\"elementor-element elementor-element-939fcf5 elementor-widget elementor-widget-advanced-text-block\" data-id=\"939fcf5\" data-element_type=\"widget\" data-widget_type=\"advanced-text-block.default\">\n\t\t\t\t<div class=\"elementor-widget-container\">\n\t\t\t<div class=\"futurio_extra_adv_text_block animate-general\"  data-animate-type=\"transition.fadeIn\" data-animate-delay=\"30\"><div class=\"text-content-block\">Um der Informationspflicht nachzukommen, ist nachfolgend ein offizielles Antragsformular f\u00fcr die\nEinleitung eines Vollstreckungsverfahrens beigef\u00fcgt, sowie ein Beschwerdeformular f\u00fcr den Fall\nauf Verdacht von unrechtm\u00e4\u00dfigen Handlungen des Gerichtsvollziehers nebst der  Informationsklausel bei Angelegenheiten im Zusammenhang mit der Aus\u00fcbung von juristischen\nT\u00e4tigkeiten im Rahmen eines Vollstreckungsverfahrens und der Sicherung der\nZwangsvollstreckung sowie sonstiger gesetzlicher Verpflichtungen des Gerichtsvollziehers:\n<table>\n<tbody>\n<tr>\n<td>Amtlicher Antrag auf Einleitung eines Vollstreckungsverfahrens<\/td>\n<td><a class=\"link\" href=\"\/wp-content\/uploads\/2022\/02\/urze\u0328dowy-formularz-wniosku-o-wszcze\u0328cie-egzekucji.pdf\">PDF<\/a><\/td>\n<\/tr>\n<tr>\n<td>Offizielles Beschwerdeformular bei Verdacht unrechtm\u00e4\u00dfiger Handlungen des\nGerichtsvollziehers<\/td>\n<td><a class=\"link\" href=\"\/wp-content\/uploads\/2022\/02\/urze\u0328dowy-formularz-skargi-na-czynnos\u0301ci-Komornika.pdf\">PDF<\/a><\/td>\n<\/tr>\n<\/tbody>\n<\/table><\/div><\/div>\t\t<\/div>\n\t\t\t\t<\/div>\n\t\t\t\t\t<\/div>\n\t\t<\/div>\n\t\t\t\t\t\t\t<\/div>\n\t\t<\/section>\n\t\t\t\t\t\t<\/div>\n\t\t\t\t\t<\/div>\n\t\t","protected":false},"excerpt":{"rendered":"<p>Der genaue T\u00e4tigkeitsbereich der Gerichtsvollzieher ist im Gesetz \u00fcber die Gerichtsvollzieher vom 22. M\u00e4rz 2018 (GBl. 2018 Pos. 771 msp\u00e4t\u00c4nd, Abk. uks) geregelt. Gem\u00e4\u00df Art. 3 Absatz 3 uks obliegen dem Gerichtsvollzieher die folgenden Aufgaben : die Vollstreckung von Urteilen in F\u00e4llen von Geld- und Nichtgeldforderungen und die Sicherstellung der Zwangsvollstreckung, einschlie\u00dflich europaweit g\u00fcltiger Beschl\u00fcsse&hellip;<\/p>\n","protected":false},"author":1,"featured_media":0,"parent":0,"menu_order":0,"comment_status":"closed","ping_status":"closed","template":"","meta":{"footnotes":""},"class_list":["post-173","page","type-page","status-publish","hentry"],"_links":{"self":[{"href":"https:\/\/komornik-kuznik.pl\/de\/wp-json\/wp\/v2\/pages\/173","targetHints":{"allow":["GET"]}}],"collection":[{"href":"https:\/\/komornik-kuznik.pl\/de\/wp-json\/wp\/v2\/pages"}],"about":[{"href":"https:\/\/komornik-kuznik.pl\/de\/wp-json\/wp\/v2\/types\/page"}],"author":[{"embeddable":true,"href":"https:\/\/komornik-kuznik.pl\/de\/wp-json\/wp\/v2\/users\/1"}],"replies":[{"embeddable":true,"href":"https:\/\/komornik-kuznik.pl\/de\/wp-json\/wp\/v2\/comments?post=173"}],"version-history":[{"count":25,"href":"https:\/\/komornik-kuznik.pl\/de\/wp-json\/wp\/v2\/pages\/173\/revisions"}],"predecessor-version":[{"id":515,"href":"https:\/\/komornik-kuznik.pl\/de\/wp-json\/wp\/v2\/pages\/173\/revisions\/515"}],"wp:attachment":[{"href":"https:\/\/komornik-kuznik.pl\/de\/wp-json\/wp\/v2\/media?parent=173"}],"curies":[{"name":"wp","href":"https:\/\/api.w.org\/{rel}","templated":true}]}}