{"id":177,"date":"2022-02-12T16:26:26","date_gmt":"2022-02-12T16:26:26","guid":{"rendered":"https:\/\/gkuznik.hosting24.pl\/?page_id=177"},"modified":"2022-02-21T20:12:09","modified_gmt":"2022-02-21T20:12:09","slug":"dsgvo","status":"publish","type":"page","link":"https:\/\/komornik-kuznik.pl\/de\/dsgvo\/","title":{"rendered":"DSGVO"},"content":{"rendered":"\t\t<div data-elementor-type=\"wp-page\" data-elementor-id=\"177\" class=\"elementor elementor-177\" data-elementor-settings=\"[]\">\n\t\t\t\t\t\t\t<div class=\"elementor-section-wrap\">\n\t\t\t\t\t\t\t<section class=\"elementor-section elementor-top-section elementor-element elementor-element-3439503a elementor-section-boxed elementor-section-height-default elementor-section-height-default\" data-id=\"3439503a\" data-element_type=\"section\">\n\t\t\t\t\t\t<div class=\"elementor-container elementor-column-gap-default\">\n\t\t\t\t\t<div class=\"elementor-column elementor-col-100 elementor-top-column elementor-element elementor-element-9adede7\" data-id=\"9adede7\" data-element_type=\"column\">\n\t\t\t<div class=\"elementor-widget-wrap elementor-element-populated\">\n\t\t\t\t\t\t\t\t<div class=\"elementor-element elementor-element-1bfa2298 elementor-widget elementor-widget-html\" data-id=\"1bfa2298\" data-element_type=\"widget\" data-widget_type=\"html.default\">\n\t\t\t\t<div class=\"elementor-widget-container\">\n\t\t\t<style>\n.listStyleRoman{\n\tlist-style-type: upper-roman;\n}\n\n.listStyleRoman ol li{\n\tlist-style-type: none;\n}\n\n.link{\n    color: white;\n    text-decoration: underline !important; \n    font-weight: bold;\n    font-family: 'Arial';\n}\n<\/style>\t\t<\/div>\n\t\t\t\t<\/div>\n\t\t\t\t\t<\/div>\n\t\t<\/div>\n\t\t\t\t\t\t\t<\/div>\n\t\t<\/section>\n\t\t\t\t<section class=\"elementor-section elementor-top-section elementor-element elementor-element-4e7de086 elementor-section-boxed elementor-section-height-default elementor-section-height-default\" data-id=\"4e7de086\" data-element_type=\"section\">\n\t\t\t\t\t\t<div class=\"elementor-container elementor-column-gap-default\">\n\t\t\t\t\t<div class=\"elementor-column elementor-col-100 elementor-top-column elementor-element elementor-element-43ff86a9\" data-id=\"43ff86a9\" data-element_type=\"column\">\n\t\t\t<div class=\"elementor-widget-wrap elementor-element-populated\">\n\t\t\t\t\t\t\t\t<div class=\"elementor-element elementor-element-47f594eb elementor-widget elementor-widget-advanced-text-block\" data-id=\"47f594eb\" data-element_type=\"widget\" data-widget_type=\"advanced-text-block.default\">\n\t\t\t\t<div class=\"elementor-widget-container\">\n\t\t\t<div class=\"futurio_extra_adv_text_block animate-general\"  data-animate-type=\"transition.fadeIn\" data-animate-delay=\"30\"><div class=\"text-content-block\">Auskunftsklausel in Angelegenheiten der Wahrnehmung von T\u00e4tigkeiten im Rahmen von\nVollstreckungs- und Sicherungsverfahren sowie sonstiger gesetzlicher Aufgaben des\nGerichtsvollziehers\n<\/div><\/div>\t\t<\/div>\n\t\t\t\t<\/div>\n\t\t\t\t\t<\/div>\n\t\t<\/div>\n\t\t\t\t\t\t\t<\/div>\n\t\t<\/section>\n\t\t\t\t<section class=\"elementor-section elementor-top-section elementor-element elementor-element-732dbfcd elementor-section-boxed elementor-section-height-default elementor-section-height-default\" data-id=\"732dbfcd\" data-element_type=\"section\">\n\t\t\t\t\t\t<div class=\"elementor-container elementor-column-gap-default\">\n\t\t\t\t\t<div class=\"elementor-column elementor-col-100 elementor-top-column elementor-element elementor-element-16c44dcf\" data-id=\"16c44dcf\" data-element_type=\"column\">\n\t\t\t<div class=\"elementor-widget-wrap elementor-element-populated\">\n\t\t\t\t\t\t\t\t<div class=\"elementor-element elementor-element-30551da9 elementor-widget elementor-widget-advanced-text-block\" data-id=\"30551da9\" data-element_type=\"widget\" data-widget_type=\"advanced-text-block.default\">\n\t\t\t\t<div class=\"elementor-widget-container\">\n\t\t\t<div class=\"futurio_extra_adv_text_block animate-general\"  data-animate-type=\"transition.fadeIn\" data-animate-delay=\"30\"><div class=\"text-content-block\">Gem\u00e4\u00df Art. 13 Abs. 1 und Abs. 2 Verordnung (EU) 2016\/679 des Europ\u00e4ischen Parlaments und des\nRates vom 27. April 2016 zum Schutz nat\u00fcrlicher Personen bei der Verarbeitung\npersonenbezogener Daten, zum freien Datenverkehr und zur Aufhebung der Richtlinie 95\/46\/EG\n(Datenschutz-Grundverordnung) (Text von Bedeutung f\u00fcr den EWR)\nABl. L 119 vom 4.5.2016, S. 1\u201388, im Weiteren: DSGVO, setzt hiermit der Gerichtsvollzieher\nbeim Amtsgericht in \u017bory Grzegorz Ku\u017anik Gerichtsvollzieherkanzeli Nr. V in \u017bory Folgendes zur\nKenntnisnahme:\n<ol class=\"listStyleRoman\">\n \t<li><strong>Die Identit\u00e4t und die Kontaktdaten des Verwalters von personenbezogenen Daten (Art. 13\nPkt. 1 Unterpunkt a)\n<\/strong>\n<ol>\n \t<li>Der Verwalter von personenbezogenen Daten ist der Gerichtsvollzieher beim Amtsgericht in \u017bory\n(Sohrau) Grzegorz Ku\u017anik, Gerichtsvollzieherkanzeli Nr. V in \u017bory (Sohrau). Die\nKontaktaufnahme mit dem Verwalter von personenbezogenen Daten ist m\u00f6glich: per E-Mail-\nAdresse: zory.kuznik@komornik.pl, telefonisch: +48 725 614 998 oder schriftlich an den Sitz der\nKanzlei: ul. Rynek 18\/1, 44-240 \u017bory, Polen.<\/li>\n<\/ol>\n<\/li>\n \t<li><strong>Kontaktdaten des Datenschutzbeauftragten (Art. 13 Pkt. 1 Unterpunkt b)<\/strong>\n<ol>\n \t<li>Der Administrator hat den Datenschutzinspektor ernannt: den Gerichtsvollzieher beim Amtsgericht\nin \u017bory, Grzegorz Ku\u017anik Kancelaria Komornicza Nr. V in \u017bory, E-Mail:\nzory.kuznik@komornik.pl, den Sie per E-Mail in allen Angelegenheiten im Zusammenhang mit der\nVerarbeitung personenbezogener Daten durch die Gerichtsvollzieherkanzlei kontaktieren k\u00f6nnen.<\/li>\n<\/ol>\n<\/li>\n \t<li><strong>Zweck und Rechtsgrundlage der Verarbeitung personenbezogener Daten (Artikel 13 Pkt.\n1 Unterpunkt c)<\/strong>\n<ol>\n \t<li>Ihre personenbezogenen Daten werden verarbeitet, um Vollstreckungs-, Sicherheits- und andere\nAktivit\u00e4ten durchzuf\u00fchren, deren Durchf\u00fchrung f\u00fcr den Administrator rechtlich bindend ist (Art. 6\nAbs. 1 Pkt. c der DSGVO), und die aus Art. 3 des Gesetzes vom 22. M\u00e4rz 2018 \u00fcber den\nGerichtsvollzieher (GBl. 2018, Pos. 771 msp\u00e4t\u00c4nd, Abk. uks) hervorgehen\n.<\/li>\n<\/ol>\n<\/li>\n \t<li><strong>Empf\u00e4nger von Daten oder Kategorien von Datenempf\u00e4ngern (Artikel 13 Pkt. 1\nUnterpunkt e)\n<\/strong>\n<ol>\n \t<li>In \u00dcbereinstimmung mit den einschl\u00e4gigen gesetzlichen Bestimmungen und zur Erf\u00fcllung der von\nihnen auferlegten Verpflichtungen \u00fcbermittelt der Gerichtsvollzieher Ihre personenbezogenen\nDaten im Rahmen des Vollstreckungsverfahrens an die Parteien und die Verfahrensbeteiligten, die\n\u00c4mter und \/ oder die Einrichtungen sowie andere Unternehmen, wenn dies gesetzlich\nvorgeschrieben ist.<\/li>\n<\/ol>\n<\/li>\n \t<li><strong>\u00dcbermittlung personenbezogener Daten au\u00dferhalb des EWR (Artikel 13 Pkt. 1 Unterpunkt f)<\/strong>\n<ol>\n \t<li>Personenbezogene Daten werden nicht au\u00dferhalb des Europ\u00e4ischen Wirtschaftsraums (EWR)\n\u00fcbermittelt.<\/li>\n<\/ol>\n<\/li>\n \t<li><strong>Zeitraum, f\u00fcr den personenbezogene Daten verarbeitet werden (Artikel 13 Pkt 2\nUnterpunkt a)<\/strong>\n<ol>\n \t<li>Die Daten werden f\u00fcr den Zeitraum gespeichert, der sich aus den Bestimmungen der Verordnung des Justizministers vom 14. Dezember 2018 \u00fcber die Aufbewahrung und Vernichtung von\nGerichtsvollzieherakten und geschlossenen Aufzeichnungsger\u00e4ten (GBl. 2018, Pos. 2408\nmsp\u00e4t\u00c4nd) ergibt.<\/li>\n<\/ol>\n<\/li>\n \t<li><strong>Rechte des Rechtstr\u00e4gers (Artikel Pkt. 13 Pkt 2 Unterpunkt b)<\/strong>\n<ol>\n \t<li>Personen, deren personenbezogene Daten im Zusammenhang mit der Wahrnehmung von\nT\u00e4tigkeiten in Vollstreckungs- und Sicherungsverfahren sowie anderen gesetzlichen Aufgaben des\nGerichtsvollziehers verarbeitet werden, sind nicht berechtigt zu verlangen, dass die Daten gel\u00f6scht\nwerden m\u00fcssen, au\u00dferdem besitzen sie kein Widerspruchsrecht und kein Recht des \u00dcbertragens von\nDaten. Das Recht auf Zugriff zu personenbezogenen Daten wird auf der Grundlage der in Art. 6\nAbs. 1 lit. 9 der Zivilprozessordnung vom 17. November 1964 (GBl. Nr. 43, Pos. 296 msp\u00e4t\u00c4nd,\nAbk. kpc) geregelt. Die Berichtigung personenbezogener Daten und das Recht auf Einschr\u00e4nkung\nder Verarbeitung erfolgt nur auf der Grundlage der Zivilprozessordnung und in dem durch sie\nfestgelegten Umfang.\nIm Falle der Erhebung personenbezogener Daten, die nicht bei der betroffenen Person liegen, steht\ndem Gerichtsvollzieher ein Anspruch auf Befreiung von der Auskunftspflicht nach Art. 14 DSGVO\ngegen\u00fcber derjenigen Person zu, deren Daten er auf andere Weise als unmittelbar von dieser Person\nerhalten hat.\n<\/li>\n<\/ol>\n<\/li>\n \t<li><strong>Beschwerde im Zusammenhang mit der Verarbeitung personenbezogener Daten\n(Artikel 13 Pkt. 2 Unterpunkt d)<\/strong>\n<ol>\n \t<li>Der Rechtstr\u00e4ger hat das Recht, eine Beschwerde in Bezug auf die Verarbeitung personenbezogener\nDaten bei dem Amtsgericht einzureichen, bei dem der Gerichtsvollzieher t\u00e4tig ist. Die\nBeschwerdem\u00f6glichkeit gilt f\u00fcr T\u00e4tigkeiten im Rahmen von anh\u00e4ngigen Verfahren oder\nVollstreckungshandlungen\n.<\/li>\n<\/ol>\n<\/li>\n \t<li><strong>Information \u00fcber die Pflicht zur Bereitstellung von Daten (Artikel 13 Pkt. 2 Unterpunkt\ne)<\/strong>\n<ol>\n \t<li>Die Angabe personenbezogener Daten ist obligatorisch. Sie ergibt sich aus den oben genannten\nRechtsgrundlagen und ist zur Erf\u00fcllung der gesetzlichen Aufgaben des Gerichtsvollziehers\nerforderlich.<\/li>\n<\/ol>\n<\/li>\n \t<li><strong>Verarbeitung personenbezogener Daten durch automatisierte Verfahren (Artikel 13 Pkt 2\nUnterpunkt f)\n<\/strong>\n<ol>\n \t<li>Personenbezogene Daten der Parteien und der Teilnehmer der Verfahren werden nicht automatisiert\nverarbeitet.<\/li>\n<\/ol>\n<\/li>\n<\/ol><\/div><\/div>\t\t<\/div>\n\t\t\t\t<\/div>\n\t\t\t\t\t<\/div>\n\t\t<\/div>\n\t\t\t\t\t\t\t<\/div>\n\t\t<\/section>\n\t\t\t\t\t\t<\/div>\n\t\t\t\t\t<\/div>\n\t\t","protected":false},"excerpt":{"rendered":"<p>Auskunftsklausel in Angelegenheiten der Wahrnehmung von T\u00e4tigkeiten im Rahmen von Vollstreckungs- und Sicherungsverfahren sowie sonstiger gesetzlicher Aufgaben des Gerichtsvollziehers Gem\u00e4\u00df Art. 13 Abs. 1 und Abs. 2 Verordnung (EU) 2016\/679 des Europ\u00e4ischen Parlaments und des Rates vom 27. April 2016 zum Schutz nat\u00fcrlicher Personen bei der Verarbeitung personenbezogener Daten, zum freien Datenverkehr und zur Aufhebung&hellip;<\/p>\n","protected":false},"author":1,"featured_media":0,"parent":0,"menu_order":0,"comment_status":"closed","ping_status":"closed","template":"","meta":{"footnotes":""},"class_list":["post-177","page","type-page","status-publish","hentry"],"_links":{"self":[{"href":"https:\/\/komornik-kuznik.pl\/de\/wp-json\/wp\/v2\/pages\/177","targetHints":{"allow":["GET"]}}],"collection":[{"href":"https:\/\/komornik-kuznik.pl\/de\/wp-json\/wp\/v2\/pages"}],"about":[{"href":"https:\/\/komornik-kuznik.pl\/de\/wp-json\/wp\/v2\/types\/page"}],"author":[{"embeddable":true,"href":"https:\/\/komornik-kuznik.pl\/de\/wp-json\/wp\/v2\/users\/1"}],"replies":[{"embeddable":true,"href":"https:\/\/komornik-kuznik.pl\/de\/wp-json\/wp\/v2\/comments?post=177"}],"version-history":[{"count":19,"href":"https:\/\/komornik-kuznik.pl\/de\/wp-json\/wp\/v2\/pages\/177\/revisions"}],"predecessor-version":[{"id":518,"href":"https:\/\/komornik-kuznik.pl\/de\/wp-json\/wp\/v2\/pages\/177\/revisions\/518"}],"wp:attachment":[{"href":"https:\/\/komornik-kuznik.pl\/de\/wp-json\/wp\/v2\/media?parent=177"}],"curies":[{"name":"wp","href":"https:\/\/api.w.org\/{rel}","templated":true}]}}