{"id":2,"date":"2022-02-10T15:19:25","date_gmt":"2022-02-10T15:19:25","guid":{"rendered":"https:\/\/gkuznik.hosting24.pl\/?page_id=2"},"modified":"2022-02-22T18:04:29","modified_gmt":"2022-02-22T18:04:29","slug":"hauptseite","status":"publish","type":"page","link":"https:\/\/komornik-kuznik.pl\/de\/","title":{"rendered":"Hauptseite"},"content":{"rendered":"\t\t<div data-elementor-type=\"wp-page\" data-elementor-id=\"2\" class=\"elementor elementor-2\" data-elementor-settings=\"[]\">\n\t\t\t\t\t\t\t<div class=\"elementor-section-wrap\">\n\t\t\t\t\t\t\t<section class=\"elementor-section elementor-top-section elementor-element elementor-element-11978c3 elementor-section-boxed elementor-section-height-default elementor-section-height-default\" data-id=\"11978c3\" data-element_type=\"section\">\n\t\t\t\t\t\t<div class=\"elementor-container elementor-column-gap-default\">\n\t\t\t\t\t<div class=\"elementor-column elementor-col-100 elementor-top-column elementor-element elementor-element-110559a\" data-id=\"110559a\" data-element_type=\"column\">\n\t\t\t<div class=\"elementor-widget-wrap elementor-element-populated\">\n\t\t\t\t\t\t\t\t\t<\/div>\n\t\t<\/div>\n\t\t\t\t\t\t\t<\/div>\n\t\t<\/section>\n\t\t\t\t<section class=\"elementor-section elementor-top-section elementor-element elementor-element-ba40cff elementor-section-boxed elementor-section-height-default elementor-section-height-default\" data-id=\"ba40cff\" data-element_type=\"section\">\n\t\t\t\t\t\t<div class=\"elementor-container elementor-column-gap-default\">\n\t\t\t\t\t<div class=\"elementor-column elementor-col-100 elementor-top-column elementor-element elementor-element-d026a39\" data-id=\"d026a39\" data-element_type=\"column\">\n\t\t\t<div class=\"elementor-widget-wrap elementor-element-populated\">\n\t\t\t\t\t\t\t\t<div class=\"elementor-element elementor-element-9cae2b6 elementor-widget elementor-widget-advanced-text-block\" data-id=\"9cae2b6\" data-element_type=\"widget\" data-widget_type=\"advanced-text-block.default\">\n\t\t\t\t<div class=\"elementor-widget-container\">\n\t\t\t<div class=\"futurio_extra_adv_text_block animate-general\"  data-animate-type=\"transition.fadeIn\" data-animate-delay=\"30\"><div class=\"text-content-block\">Die Gerichtsvollzieherkanzlei ist berechtigt, alle F\u00e4lle anzunehmen, in denen einem Gl\u00e4ubiger die\nfreie Wahl eines Gerichtsvollziehers zusteht (gem\u00e4\u00df Artikel 10 des Gerichtsvollziehergesetzes vom\n22. M\u00e4rz 2018, GBl. 2018, Pos. 771 msp\u00e4t\u00c4nd, Abk. uks). Dies bedeutet im Einzelnen, dass falls\nder Schuldner dem Gerichtsstand des Berufungsgerichts in Katowice (Kattowitz) unterliegt (d.h. in\neiner konkreten juristischen Angelegenheit der Woiwodschaft Schlesien zuzuordnen ist), kann der\nGl\u00e4ubiger einen entsprechenden Antrag bei der hiesigen Gerichtsvollzieherkanzlei stellen. Das\nRecht, einen Gerichtsvollzieher frei zu w\u00e4hlen, ist insoweit eingeschr\u00e4nkt, als dass es u. a. f\u00fcr die\nZustellung von Korrespondenz, von Erfassungsprotokollen der Ist-Best\u00e4nde oder von Antr\u00e4gen auf\nErstellung von Inventarlisten keine Anwendung findet, da dies zu den Pflichten desjenigen\nGerichtsvollzieher geh\u00f6rt, der dem jeweiligen Gerichtsstand zugeordnet ist \u2013 im Falle der hiesigen\nKanzlei dem des Amtsgerichts in \u017bory (Sohrau).\n<\/div><\/div>\t\t<\/div>\n\t\t\t\t<\/div>\n\t\t\t\t<div class=\"elementor-element elementor-element-dbbf802 elementor-widget elementor-widget-advanced-text-block\" data-id=\"dbbf802\" data-element_type=\"widget\" data-widget_type=\"advanced-text-block.default\">\n\t\t\t\t<div class=\"elementor-widget-container\">\n\t\t\t<div class=\"futurio_extra_adv_text_block animate-general\"  data-animate-type=\"transition.fadeIn\" data-animate-delay=\"30\"><div class=\"text-content-block\">Nach der Antragsstellung auf Einleitung eines Verfahrens wird der Gl\u00e4ubiger aufgefordert, einen\nVorschuss f\u00fcr Auslagen und Pauschalgeb\u00fchren zu zahlen, gem\u00e4\u00df Art. 7 ff des\nGerichtsvollzieherkostengesetzes vom 28. Februar 2018 (GBl. 2018 Pos. 770 msp\u00e4t\u00c4nd, Abk. ukk).\nAusgenommen hiervon sind Personen, die von den Verfahrenskosten befreit sind, einschlie\u00dflich\nUnterhaltsberechtigte sowie Personen, die Arbeitnehmeranspr\u00fcche geltend machen. Nach\nBegleichung dieser Kosten werden die nach geltendem Recht gesetzlich vorgesehenen T\u00e4tigkeiten\ndurchgef\u00fchrt u.a. beispielsweise die Kontopf\u00e4ndung im Rahmen einer Zwangsvollstreckung.\nSollte es beim Ausf\u00fcllen eines der oben aufgef\u00fchrten Antr\u00e4ge Unklarheiten geben oder eventuell\nder Bedarf bzw.<\/div><\/div>\t\t<\/div>\n\t\t\t\t<\/div>\n\t\t\t\t<div class=\"elementor-element elementor-element-0839774 elementor-widget elementor-widget-advanced-text-block\" data-id=\"0839774\" data-element_type=\"widget\" data-widget_type=\"advanced-text-block.default\">\n\t\t\t\t<div class=\"elementor-widget-container\">\n\t\t\t<div class=\"futurio_extra_adv_text_block animate-general\"  data-animate-type=\"transition.fadeIn\" data-animate-delay=\"30\"><div class=\"text-content-block\">Wunsch nach einem anderen juristischen Verfahrensweg als dem hier vorgestellten\nbestehen, nehmen wir ein solches Anliegen ebenfalls \u00fcber einen direkten Kontakt mit der Gerichtsvollzieherkanzlei gerne entgegen:<\/div><\/div>\t\t<\/div>\n\t\t\t\t<\/div>\n\t\t\t\t\t<\/div>\n\t\t<\/div>\n\t\t\t\t\t\t\t<\/div>\n\t\t<\/section>\n\t\t\t\t<section class=\"elementor-section elementor-top-section elementor-element elementor-element-93ff6b3 elementor-section-boxed elementor-section-height-default elementor-section-height-default\" data-id=\"93ff6b3\" data-element_type=\"section\">\n\t\t\t\t\t\t<div class=\"elementor-container elementor-column-gap-default\">\n\t\t\t\t\t<div class=\"elementor-column elementor-col-100 elementor-top-column elementor-element elementor-element-8ae3572\" data-id=\"8ae3572\" data-element_type=\"column\">\n\t\t\t<div class=\"elementor-widget-wrap elementor-element-populated\">\n\t\t\t\t\t\t\t\t<div class=\"elementor-element elementor-element-00f2bfb elementor-widget-divider--view-line elementor-widget elementor-widget-divider\" data-id=\"00f2bfb\" data-element_type=\"widget\" data-widget_type=\"divider.default\">\n\t\t\t\t<div class=\"elementor-widget-container\">\n\t\t\t<style>\/*! elementor - v3.5.5 - 03-02-2022 *\/\n.elementor-widget-divider{--divider-border-style:none;--divider-border-width:1px;--divider-color:#2c2c2c;--divider-icon-size:20px;--divider-element-spacing:10px;--divider-pattern-height:24px;--divider-pattern-size:20px;--divider-pattern-url:none;--divider-pattern-repeat:repeat-x}.elementor-widget-divider .elementor-divider{display:-webkit-box;display:-ms-flexbox;display:flex}.elementor-widget-divider .elementor-divider__text{font-size:15px;line-height:1;max-width:95%}.elementor-widget-divider .elementor-divider__element{margin:0 var(--divider-element-spacing);-ms-flex-negative:0;flex-shrink:0}.elementor-widget-divider .elementor-icon{font-size:var(--divider-icon-size)}.elementor-widget-divider .elementor-divider-separator{display:-webkit-box;display:-ms-flexbox;display:flex;margin:0;direction:ltr}.elementor-widget-divider--view-line_icon .elementor-divider-separator,.elementor-widget-divider--view-line_text .elementor-divider-separator{-webkit-box-align:center;-ms-flex-align:center;align-items:center}.elementor-widget-divider--view-line_icon .elementor-divider-separator:after,.elementor-widget-divider--view-line_icon .elementor-divider-separator:before,.elementor-widget-divider--view-line_text .elementor-divider-separator:after,.elementor-widget-divider--view-line_text .elementor-divider-separator:before{display:block;content:\"\";border-bottom:0;-webkit-box-flex:1;-ms-flex-positive:1;flex-grow:1;border-top:var(--divider-border-width) var(--divider-border-style) var(--divider-color)}.elementor-widget-divider--element-align-left .elementor-divider .elementor-divider-separator>.elementor-divider__svg:first-of-type{-webkit-box-flex:0;-ms-flex-positive:0;flex-grow:0;-ms-flex-negative:100;flex-shrink:100}.elementor-widget-divider--element-align-left .elementor-divider-separator:before{content:none}.elementor-widget-divider--element-align-left .elementor-divider__element{margin-left:0}.elementor-widget-divider--element-align-right .elementor-divider .elementor-divider-separator>.elementor-divider__svg:last-of-type{-webkit-box-flex:0;-ms-flex-positive:0;flex-grow:0;-ms-flex-negative:100;flex-shrink:100}.elementor-widget-divider--element-align-right .elementor-divider-separator:after{content:none}.elementor-widget-divider--element-align-right .elementor-divider__element{margin-right:0}.elementor-widget-divider:not(.elementor-widget-divider--view-line_text):not(.elementor-widget-divider--view-line_icon) .elementor-divider-separator{border-top:var(--divider-border-width) var(--divider-border-style) var(--divider-color)}.elementor-widget-divider--separator-type-pattern{--divider-border-style:none}.elementor-widget-divider--separator-type-pattern.elementor-widget-divider--view-line .elementor-divider-separator,.elementor-widget-divider--separator-type-pattern:not(.elementor-widget-divider--view-line) .elementor-divider-separator:after,.elementor-widget-divider--separator-type-pattern:not(.elementor-widget-divider--view-line) .elementor-divider-separator:before,.elementor-widget-divider--separator-type-pattern:not([class*=elementor-widget-divider--view]) .elementor-divider-separator{width:100%;min-height:var(--divider-pattern-height);-webkit-mask-size:var(--divider-pattern-size) 100%;mask-size:var(--divider-pattern-size) 100%;-webkit-mask-repeat:var(--divider-pattern-repeat);mask-repeat:var(--divider-pattern-repeat);background-color:var(--divider-color);-webkit-mask-image:var(--divider-pattern-url);mask-image:var(--divider-pattern-url)}.elementor-widget-divider--no-spacing{--divider-pattern-size:auto}.elementor-widget-divider--bg-round{--divider-pattern-repeat:round}.rtl .elementor-widget-divider .elementor-divider__text{direction:rtl}<\/style>\t\t<div class=\"elementor-divider\">\n\t\t\t<span class=\"elementor-divider-separator\">\n\t\t\t\t\t\t<\/span>\n\t\t<\/div>\n\t\t\t\t<\/div>\n\t\t\t\t<\/div>\n\t\t\t\t\t<\/div>\n\t\t<\/div>\n\t\t\t\t\t\t\t<\/div>\n\t\t<\/section>\n\t\t\t\t<section class=\"elementor-section elementor-top-section elementor-element elementor-element-7875e131 elementor-section-full_width elementor-section-content-middle elementor-section-height-default elementor-section-height-default\" data-id=\"7875e131\" data-element_type=\"section\" id=\"kontakt\" data-settings=\"{&quot;background_background&quot;:&quot;classic&quot;}\">\n\t\t\t\t\t\t<div class=\"elementor-container elementor-column-gap-default\">\n\t\t\t\t\t<div class=\"elementor-column elementor-col-100 elementor-top-column elementor-element elementor-element-4424d332\" data-id=\"4424d332\" data-element_type=\"column\">\n\t\t\t<div class=\"elementor-widget-wrap elementor-element-populated\">\n\t\t\t\t\t\t\t\t<section class=\"elementor-section elementor-inner-section elementor-element elementor-element-29fe79fc elementor-section-full_width elementor-section-height-default elementor-section-height-default\" data-id=\"29fe79fc\" data-element_type=\"section\" data-settings=\"{&quot;background_background&quot;:&quot;classic&quot;}\">\n\t\t\t\t\t\t<div class=\"elementor-container elementor-column-gap-default\">\n\t\t\t\t\t<div class=\"elementor-column elementor-col-33 elementor-inner-column elementor-element elementor-element-2743c86c\" data-id=\"2743c86c\" data-element_type=\"column\">\n\t\t\t<div class=\"elementor-widget-wrap elementor-element-populated\">\n\t\t\t\t\t\t\t\t<div class=\"elementor-element elementor-element-5cfb2e08 elementor-widget elementor-widget-heading\" data-id=\"5cfb2e08\" data-element_type=\"widget\" data-widget_type=\"heading.default\">\n\t\t\t\t<div class=\"elementor-widget-container\">\n\t\t\t<style>\/*! elementor - v3.5.5 - 03-02-2022 *\/\n.elementor-heading-title{padding:0;margin:0;line-height:1}.elementor-widget-heading .elementor-heading-title[class*=elementor-size-]>a{color:inherit;font-size:inherit;line-height:inherit}.elementor-widget-heading .elementor-heading-title.elementor-size-small{font-size:15px}.elementor-widget-heading .elementor-heading-title.elementor-size-medium{font-size:19px}.elementor-widget-heading .elementor-heading-title.elementor-size-large{font-size:29px}.elementor-widget-heading .elementor-heading-title.elementor-size-xl{font-size:39px}.elementor-widget-heading .elementor-heading-title.elementor-size-xxl{font-size:59px}<\/style><div class=\"elementor-heading-title elementor-size-default\"><b>Komornik S\u0105dowy przy S\u0105dzie Rejonowym w \u017borach Grzegorz Ku\u017anik<\/b><br><br>\nKancelaria Komornicza nr V w \u017borach<br>\n44-240 \u017bory, ul. Rynek 18\/1, Polen<br>\ntel. 725-614-998 <br>\n<a href=\"mailto:zory.kuznik@komornik.pl\">zory.kuznik@komornik.pl<\/a><\/div>\t\t<\/div>\n\t\t\t\t<\/div>\n\t\t\t\t\t<\/div>\n\t\t<\/div>\n\t\t\t\t<div class=\"elementor-column elementor-col-33 elementor-inner-column elementor-element elementor-element-51859336\" data-id=\"51859336\" data-element_type=\"column\">\n\t\t\t<div class=\"elementor-widget-wrap elementor-element-populated\">\n\t\t\t\t\t\t\t\t<div class=\"elementor-element elementor-element-657ef8d6 elementor-widget elementor-widget-heading\" data-id=\"657ef8d6\" data-element_type=\"widget\" data-widget_type=\"heading.default\">\n\t\t\t\t<div class=\"elementor-widget-container\">\n\t\t\t<div class=\"elementor-heading-title elementor-size-default\"><table><tbody><tr><td colspan=\"2\" style=\"padding:0px;\"><b>\u00d6ffnungszeiten der Gerichtsvollzieherkanzlei:<\/b><\/td>\n<\/tr><tr><td>Montag<\/td><td>von 8:00 \nbis 15:00 Uhr<\/td><\/tr>\n<tr><td>Dienstag<\/td><td>von 13:00 \nbis 17:00 Uhr<br><\/td><\/tr>\n<tr><td>Mittwoch<\/td><td>von 8:00 \nbis 15:00 Uhr<br><\/td><\/tr>\n<tr><td>Donnerstag<\/td><td>von 8:00 \nbis 15:00 Uhr<br><\/td><\/tr>\n<tr><td>Freitag<\/td><td>von 8:00 \nbis 12:00 Uhr<br><\/td><\/tr>\n<tr><td colspan=\"2\" style=\"padding:0px;\"><b>und zu anderen Zeiten nach Vereinbarung.<\/b><\/td>\n<\/tr><\/tbody><\/table>\n<br>\nDie offiziellen Sprechstunden in der Kanzlei vor Ort: jeden Dienstag von 14.00 bis 17.00 Uhr bzw.\nauch zu anderen Zeiten nach Vereinbarung.\n<\/div>\t\t<\/div>\n\t\t\t\t<\/div>\n\t\t\t\t\t<\/div>\n\t\t<\/div>\n\t\t\t\t<div class=\"elementor-column elementor-col-33 elementor-inner-column elementor-element elementor-element-6f30f99a\" data-id=\"6f30f99a\" data-element_type=\"column\">\n\t\t\t<div class=\"elementor-widget-wrap elementor-element-populated\">\n\t\t\t\t\t\t\t\t<div class=\"elementor-element elementor-element-13c55eb0 elementor-widget elementor-widget-heading\" data-id=\"13c55eb0\" data-element_type=\"widget\" data-widget_type=\"heading.default\">\n\t\t\t\t<div class=\"elementor-widget-container\">\n\t\t\t<div class=\"elementor-heading-title elementor-size-default\"><b>Bankkonto der Gerichtsvollzieherkanzlei: <br><\/b>\n26 1600 1462 1808 7218 5000 0004\n<br>BNP Paribas Bank Polska S.A.<\/div>\t\t<\/div>\n\t\t\t\t<\/div>\n\t\t\t\t\t<\/div>\n\t\t<\/div>\n\t\t\t\t\t\t\t<\/div>\n\t\t<\/section>\n\t\t\t\t<div class=\"elementor-element elementor-element-5c37770 elementor-widget elementor-widget-spacer\" data-id=\"5c37770\" data-element_type=\"widget\" data-widget_type=\"spacer.default\">\n\t\t\t\t<div class=\"elementor-widget-container\">\n\t\t\t\t\t<div class=\"elementor-spacer\">\n\t\t\t<div class=\"elementor-spacer-inner\"><\/div>\n\t\t<\/div>\n\t\t\t\t<\/div>\n\t\t\t\t<\/div>\n\t\t\t\t<div class=\"elementor-element elementor-element-9acd973 elementor-widget-divider--view-line elementor-widget elementor-widget-divider\" data-id=\"9acd973\" data-element_type=\"widget\" data-widget_type=\"divider.default\">\n\t\t\t\t<div class=\"elementor-widget-container\">\n\t\t\t\t\t<div class=\"elementor-divider\">\n\t\t\t<span class=\"elementor-divider-separator\">\n\t\t\t\t\t\t<\/span>\n\t\t<\/div>\n\t\t\t\t<\/div>\n\t\t\t\t<\/div>\n\t\t\t\t\t<\/div>\n\t\t<\/div>\n\t\t\t\t\t\t\t<\/div>\n\t\t<\/section>\n\t\t\t\t<section class=\"elementor-section elementor-top-section elementor-element elementor-element-ad71734 elementor-section-full_width elementor-section-stretched elementor-section-height-default elementor-section-height-default\" data-id=\"ad71734\" data-element_type=\"section\" data-settings=\"{&quot;stretch_section&quot;:&quot;section-stretched&quot;}\">\n\t\t\t\t\t\t<div class=\"elementor-container elementor-column-gap-default\">\n\t\t\t\t\t<div class=\"elementor-column elementor-col-100 elementor-top-column elementor-element elementor-element-6aca6f6\" data-id=\"6aca6f6\" data-element_type=\"column\">\n\t\t\t<div class=\"elementor-widget-wrap elementor-element-populated\">\n\t\t\t\t\t\t\t\t<div class=\"elementor-element elementor-element-ea5ce65 elementor-widget elementor-widget-google_maps\" data-id=\"ea5ce65\" data-element_type=\"widget\" data-widget_type=\"google_maps.default\">\n\t\t\t\t<div class=\"elementor-widget-container\">\n\t\t\t<style>\/*! elementor - v3.5.5 - 03-02-2022 *\/\n.elementor-widget-google_maps .elementor-widget-container{overflow:hidden}.elementor-widget-google_maps iframe{height:300px}<\/style>\t\t<div class=\"elementor-custom-embed\">\n\t\t\t<iframe frameborder=\"0\" scrolling=\"no\" marginheight=\"0\" marginwidth=\"0\"\n\t\t\t\t\tsrc=\"https:\/\/maps.google.com\/maps?q=44-240%20%C5%BBory%2C%20ul.%20Rynek%2018%2F1&#038;t=m&#038;z=16&#038;output=embed&#038;iwloc=near\"\n\t\t\t\t\ttitle=\"44-240 \u017bory, ul. Rynek 18\/1\"\n\t\t\t\t\taria-label=\"44-240 \u017bory, ul. Rynek 18\/1\"\n\t\t\t><\/iframe>\n\t\t<\/div>\n\t\t\t\t<\/div>\n\t\t\t\t<\/div>\n\t\t\t\t\t<\/div>\n\t\t<\/div>\n\t\t\t\t\t\t\t<\/div>\n\t\t<\/section>\n\t\t\t\t\t\t<\/div>\n\t\t\t\t\t<\/div>\n\t\t","protected":false},"excerpt":{"rendered":"<p>Die Gerichtsvollzieherkanzlei ist berechtigt, alle F\u00e4lle anzunehmen, in denen einem Gl\u00e4ubiger die freie Wahl eines Gerichtsvollziehers zusteht (gem\u00e4\u00df Artikel 10 des Gerichtsvollziehergesetzes vom 22. M\u00e4rz 2018, GBl. 2018, Pos. 771 msp\u00e4t\u00c4nd, Abk. uks). Dies bedeutet im Einzelnen, dass falls der Schuldner dem Gerichtsstand des Berufungsgerichts in Katowice (Kattowitz) unterliegt (d.h. in einer konkreten juristischen Angelegenheit&hellip;<\/p>\n","protected":false},"author":1,"featured_media":0,"parent":0,"menu_order":0,"comment_status":"closed","ping_status":"closed","template":"","meta":{"footnotes":""},"class_list":["post-2","page","type-page","status-publish","hentry"],"_links":{"self":[{"href":"https:\/\/komornik-kuznik.pl\/de\/wp-json\/wp\/v2\/pages\/2","targetHints":{"allow":["GET"]}}],"collection":[{"href":"https:\/\/komornik-kuznik.pl\/de\/wp-json\/wp\/v2\/pages"}],"about":[{"href":"https:\/\/komornik-kuznik.pl\/de\/wp-json\/wp\/v2\/types\/page"}],"author":[{"embeddable":true,"href":"https:\/\/komornik-kuznik.pl\/de\/wp-json\/wp\/v2\/users\/1"}],"replies":[{"embeddable":true,"href":"https:\/\/komornik-kuznik.pl\/de\/wp-json\/wp\/v2\/comments?post=2"}],"version-history":[{"count":129,"href":"https:\/\/komornik-kuznik.pl\/de\/wp-json\/wp\/v2\/pages\/2\/revisions"}],"predecessor-version":[{"id":527,"href":"https:\/\/komornik-kuznik.pl\/de\/wp-json\/wp\/v2\/pages\/2\/revisions\/527"}],"wp:attachment":[{"href":"https:\/\/komornik-kuznik.pl\/de\/wp-json\/wp\/v2\/media?parent=2"}],"curies":[{"name":"wp","href":"https:\/\/api.w.org\/{rel}","templated":true}]}}