{"id":297,"date":"2022-02-15T20:48:35","date_gmt":"2022-02-15T20:48:35","guid":{"rendered":"https:\/\/gkuznik.hosting24.pl\/?page_id=297"},"modified":"2022-03-03T07:46:54","modified_gmt":"2022-03-03T07:46:54","slug":"antrage","status":"publish","type":"page","link":"https:\/\/komornik-kuznik.pl\/de\/antrage\/","title":{"rendered":"Antr\u00e4ge"},"content":{"rendered":"\t\t<div data-elementor-type=\"wp-page\" data-elementor-id=\"297\" class=\"elementor elementor-297\" data-elementor-settings=\"[]\">\n\t\t\t\t\t\t\t<div class=\"elementor-section-wrap\">\n\t\t\t\t\t\t\t<section class=\"elementor-section elementor-top-section elementor-element elementor-element-fa2661c elementor-section-boxed elementor-section-height-default elementor-section-height-default\" data-id=\"fa2661c\" data-element_type=\"section\">\n\t\t\t\t\t\t<div class=\"elementor-container elementor-column-gap-default\">\n\t\t\t\t\t<div class=\"elementor-column elementor-col-100 elementor-top-column elementor-element elementor-element-207cd09b\" data-id=\"207cd09b\" data-element_type=\"column\">\n\t\t\t<div class=\"elementor-widget-wrap elementor-element-populated\">\n\t\t\t\t\t\t\t\t<div class=\"elementor-element elementor-element-5f7f7027 elementor-widget elementor-widget-html\" data-id=\"5f7f7027\" data-element_type=\"widget\" data-widget_type=\"html.default\">\n\t\t\t\t<div class=\"elementor-widget-container\">\n\t\t\t<style>\nol.lowerLatin > li::marker { \n   content: counter(list-item, lower-latin) ') ';\n}\n\nol.list > li::marker { \n   content: counters(list-item,'.') ') ';\n}\n.link{\n    color: white;\n    text-decoration: underline !important; \n    font-weight: bold;\n    font-family: 'Arial';\n}\n<\/style>\t\t<\/div>\n\t\t\t\t<\/div>\n\t\t\t\t\t<\/div>\n\t\t<\/div>\n\t\t\t\t\t\t\t<\/div>\n\t\t<\/section>\n\t\t\t\t<section class=\"elementor-section elementor-top-section elementor-element elementor-element-6c2b4796 elementor-section-boxed elementor-section-height-default elementor-section-height-default\" data-id=\"6c2b4796\" data-element_type=\"section\">\n\t\t\t\t\t\t<div class=\"elementor-container elementor-column-gap-default\">\n\t\t\t\t\t<div class=\"elementor-column elementor-col-100 elementor-top-column elementor-element elementor-element-8f36f96\" data-id=\"8f36f96\" data-element_type=\"column\">\n\t\t\t<div class=\"elementor-widget-wrap elementor-element-populated\">\n\t\t\t\t\t\t\t\t<div class=\"elementor-element elementor-element-62db28c6 elementor-widget elementor-widget-advanced-text-block\" data-id=\"62db28c6\" data-element_type=\"widget\" data-widget_type=\"advanced-text-block.default\">\n\t\t\t\t<div class=\"elementor-widget-container\">\n\t\t\t<div class=\"futurio_extra_adv_text_block animate-general\"  data-animate-type=\"transition.fadeIn\" data-animate-delay=\"30\"><div class=\"text-content-block\"><p>Der Gerichtsvollzieher ist in erster Linie dazu berechtigt, gerichtliche Urteile und Mahnbescheide<br \/>zu vollstrecken, Protokolle der Ist-Best\u00e4nde anzufertigen und f\u00fcr die Zustellung der Korrespondenz<br \/>zu sorgen. Im Folgenden finden Sie eine Auflistung von beispielhaften Musterantr\u00e4gen f\u00fcr die<br \/>Einleitung eines Verfahrens, die bei der Einreichung eines derartigen Antrags auf Einleitung eines<br \/>Verfahrens verwendet werden k\u00f6nnen:<\/p><table><tbody><tr><td>Antrag auf Einleitung eines Vollstreckungsverfahrens<\/td><td><a class=\"link\" href=\"https:\/\/komornik-kuznik.pl\/de\/wp-content\/uploads\/2022\/03\/wn.-egz..odt\">ODT<\/a><\/td><td><a class=\"link\" href=\"https:\/\/komornik-kuznik.pl\/de\/wp-content\/uploads\/2022\/03\/wn.-egz.-pdf.pdf\">PDF<\/a><\/td><\/tr><tr><td>Antrag auf Einleitung eines Unterhaltsvollstreckungsverfahrens<\/td><td><a class=\"link\" href=\"https:\/\/komornik-kuznik.pl\/de\/wp-content\/uploads\/2022\/03\/wn.-alimenty-doc.odt\">ODT<\/a><\/td><td><a class=\"link\" href=\"https:\/\/komornik-kuznik.pl\/de\/wp-content\/uploads\/2022\/03\/wn.-alimenty.pdf\">PDF<\/a><\/td><\/tr><tr><td>Antrag auf die Durchf\u00fchrung einer Zwangsvollstreckung<\/td><td><a class=\"link\" href=\"https:\/\/komornik-kuznik.pl\/de\/wp-content\/uploads\/2022\/03\/wn.-zabezp..odt\">ODT<\/a><\/td><td><a class=\"link\" href=\"https:\/\/komornik-kuznik.pl\/de\/wp-content\/uploads\/2022\/03\/wn.-zabezp.-pdf.pdf\">PDF<\/a><\/td><\/tr><tr><td>Antrag auf Zustellung von Korrespondenz<\/td><td><a class=\"link\" href=\"\/wp-content\/uploads\/2022\/02\/wniosek-o-dore\u0328czenie-korespondencji.odt\">ODT<\/a><\/td><td><a class=\"link\" href=\"\/wp-content\/uploads\/2022\/02\/wniosek-o-dore\u0328czenie-korespondencji.pdf\">PDF<\/a><\/td><\/tr><tr><td>Allgemeiner Antrag<\/td><td><a class=\"link\" href=\"\/wp-content\/uploads\/2022\/02\/wniosek-ogo\u0301lny.odt\">ODT<\/a><\/td><td><a class=\"link\" href=\"\/wp-content\/uploads\/2022\/02\/wniosek-ogo\u0301lny.pdf\">PDF<\/a><\/td><\/tr><\/tbody><\/table><\/div><\/div>\t\t<\/div>\n\t\t\t\t<\/div>\n\t\t\t\t\t<\/div>\n\t\t<\/div>\n\t\t\t\t\t\t\t<\/div>\n\t\t<\/section>\n\t\t\t\t\t\t<\/div>\n\t\t\t\t\t<\/div>\n\t\t","protected":false},"excerpt":{"rendered":"<p>Der Gerichtsvollzieher ist in erster Linie dazu berechtigt, gerichtliche Urteile und Mahnbescheidezu vollstrecken, Protokolle der Ist-Best\u00e4nde anzufertigen und f\u00fcr die Zustellung der Korrespondenzzu sorgen. Im Folgenden finden Sie eine Auflistung von beispielhaften Musterantr\u00e4gen f\u00fcr dieEinleitung eines Verfahrens, die bei der Einreichung eines derartigen Antrags auf Einleitung einesVerfahrens verwendet werden k\u00f6nnen: Antrag auf Einleitung eines Vollstreckungsverfahrens&hellip;<\/p>\n","protected":false},"author":1,"featured_media":0,"parent":0,"menu_order":0,"comment_status":"closed","ping_status":"closed","template":"","meta":{"footnotes":""},"class_list":["post-297","page","type-page","status-publish","hentry"],"_links":{"self":[{"href":"https:\/\/komornik-kuznik.pl\/de\/wp-json\/wp\/v2\/pages\/297","targetHints":{"allow":["GET"]}}],"collection":[{"href":"https:\/\/komornik-kuznik.pl\/de\/wp-json\/wp\/v2\/pages"}],"about":[{"href":"https:\/\/komornik-kuznik.pl\/de\/wp-json\/wp\/v2\/types\/page"}],"author":[{"embeddable":true,"href":"https:\/\/komornik-kuznik.pl\/de\/wp-json\/wp\/v2\/users\/1"}],"replies":[{"embeddable":true,"href":"https:\/\/komornik-kuznik.pl\/de\/wp-json\/wp\/v2\/comments?post=297"}],"version-history":[{"count":24,"href":"https:\/\/komornik-kuznik.pl\/de\/wp-json\/wp\/v2\/pages\/297\/revisions"}],"predecessor-version":[{"id":543,"href":"https:\/\/komornik-kuznik.pl\/de\/wp-json\/wp\/v2\/pages\/297\/revisions\/543"}],"wp:attachment":[{"href":"https:\/\/komornik-kuznik.pl\/de\/wp-json\/wp\/v2\/media?parent=297"}],"curies":[{"name":"wp","href":"https:\/\/api.w.org\/{rel}","templated":true}]}}