{"id":173,"date":"2022-02-12T16:05:18","date_gmt":"2022-02-12T16:05:18","guid":{"rendered":"https:\/\/gkuznik.hosting24.pl\/?page_id=173"},"modified":"2022-02-20T16:45:51","modified_gmt":"2022-02-20T16:45:51","slug":"legal-information","status":"publish","type":"page","link":"https:\/\/komornik-kuznik.pl\/en\/legal-information\/","title":{"rendered":"Legal information"},"content":{"rendered":"\t\t<div data-elementor-type=\"wp-page\" data-elementor-id=\"173\" class=\"elementor elementor-173\" data-elementor-settings=\"[]\">\n\t\t\t\t\t\t\t<div class=\"elementor-section-wrap\">\n\t\t\t\t\t\t\t<section class=\"elementor-section elementor-top-section elementor-element elementor-element-719d7636 elementor-section-boxed elementor-section-height-default elementor-section-height-default\" data-id=\"719d7636\" data-element_type=\"section\">\n\t\t\t\t\t\t<div class=\"elementor-container elementor-column-gap-default\">\n\t\t\t\t\t<div class=\"elementor-column elementor-col-100 elementor-top-column elementor-element elementor-element-1d18e0c6\" data-id=\"1d18e0c6\" data-element_type=\"column\">\n\t\t\t<div class=\"elementor-widget-wrap elementor-element-populated\">\n\t\t\t\t\t\t\t\t<div class=\"elementor-element elementor-element-160189e5 elementor-widget elementor-widget-html\" data-id=\"160189e5\" data-element_type=\"widget\" data-widget_type=\"html.default\">\n\t\t\t\t<div class=\"elementor-widget-container\">\n\t\t\t<style>\nol.lowerLatin > li::marker { \n   content: counter(list-item, lower-latin) ') ';\n}\n\nol.list > li::marker { \n   content: counters(list-item,'.') ') ';\n}\n.link{\n    color: white;\n    text-decoration: underline !important; \n    font-weight: bold;\n}\n<\/style>\t\t<\/div>\n\t\t\t\t<\/div>\n\t\t\t\t\t<\/div>\n\t\t<\/div>\n\t\t\t\t\t\t\t<\/div>\n\t\t<\/section>\n\t\t\t\t<section class=\"elementor-section elementor-top-section elementor-element elementor-element-596fe274 elementor-section-boxed elementor-section-height-default elementor-section-height-default\" data-id=\"596fe274\" data-element_type=\"section\">\n\t\t\t\t\t\t<div class=\"elementor-container elementor-column-gap-default\">\n\t\t\t\t\t<div class=\"elementor-column elementor-col-100 elementor-top-column elementor-element elementor-element-544cb0c7\" data-id=\"544cb0c7\" data-element_type=\"column\">\n\t\t\t<div class=\"elementor-widget-wrap elementor-element-populated\">\n\t\t\t\t\t\t\t\t<div class=\"elementor-element elementor-element-5bf881ae elementor-widget elementor-widget-advanced-text-block\" data-id=\"5bf881ae\" data-element_type=\"widget\" data-widget_type=\"advanced-text-block.default\">\n\t\t\t\t<div class=\"elementor-widget-container\">\n\t\t\t<div class=\"futurio_extra_adv_text_block animate-general\"  data-animate-type=\"transition.fadeIn\" data-animate-delay=\"30\"><div class=\"text-content-block\"><strong>The detailed scope of the rights and obligations of Court Bailiffs is set out in the Act on Court Bailiffs of 22 March 2018 (Journal of Laws of 2018, item 771, as amended, hereinafter: \u201cthe Act\u201d). According to Article 3(3) of the Act, the rights and obligations of the Court Bailiffs include the following:<\/strong>\n<ol class=\"list\">\n \t<li>enforcement of court decisions in matters regarding cash and non-cash claims as well as seizure of assets, including European orders for seizure of bank accounts, subject to exceptions provided for in the Act of 17 November 1964 - Code of Civil Procedure (Journal of Laws of 2020, item 1575, 1578 and 2320 and of 2021, item 11);<\/li>\n \t<li>enforcement of other enforcement titles that are enforceable in lieu of court enforcement orders without a court enforcement clause;\n<ol class=\"lowerLatin\">\n \t<li>enforcement of orders to secure evidence and orders for issuance of evidence in intellectual property proceedings;<\/li>\n<\/ol>\n<\/li>\n \t<li>enforcement orders for seizure of estate or drawing up of inventory;<\/li>\n \t<li>other activities specified in other acts of the law.<\/li>\n<\/ol><\/div><\/div>\t\t<\/div>\n\t\t\t\t<\/div>\n\t\t\t\t\t<\/div>\n\t\t<\/div>\n\t\t\t\t\t\t\t<\/div>\n\t\t<\/section>\n\t\t\t\t<section class=\"elementor-section elementor-top-section elementor-element elementor-element-3bc3415e elementor-section-boxed elementor-section-height-default elementor-section-height-default\" data-id=\"3bc3415e\" data-element_type=\"section\">\n\t\t\t\t\t\t<div class=\"elementor-container elementor-column-gap-default\">\n\t\t\t\t\t<div class=\"elementor-column elementor-col-100 elementor-top-column elementor-element elementor-element-457cffe7\" data-id=\"457cffe7\" data-element_type=\"column\">\n\t\t\t<div class=\"elementor-widget-wrap elementor-element-populated\">\n\t\t\t\t\t\t\t\t<div class=\"elementor-element elementor-element-75c49a80 elementor-widget elementor-widget-advanced-text-block\" data-id=\"75c49a80\" data-element_type=\"widget\" data-widget_type=\"advanced-text-block.default\">\n\t\t\t\t<div class=\"elementor-widget-container\">\n\t\t\t<div class=\"futurio_extra_adv_text_block animate-general\"  data-animate-type=\"transition.fadeIn\" data-animate-delay=\"30\"><div class=\"text-content-block\"><strong>In addition to the tasks specified in Article 3 para. 3 of the Act, Court Bailiffs shall perform the following:<\/strong>\n<ol class=\"list\">\n \t<li>Service of court orders, pleas, and other court instruments on a recipient against a written and dated confirmation of receipt, or else confirm that a recipient cannot be served at the indicated address \u2013 based on a court order or a request of a party mentioned in  Article 139 (1) \u00a7 1 of the Act of 17 November 1964 \u2013 the Code of Civil Procedure;\n<ol class=\"lowerLatin\">\n \t<li>investigations regarding current address of a recipient based on a court order or an application of a party referred to in item 1; <\/li>\n<\/ol>\n<\/li>\n \t<li>drawing up a of statements of facts and findings;<\/li>\n \t<li>supervision of consensual public auctions at the request of an auction organizer - with the lowest or highest bid winning.<\/li>\n<\/ol><\/div><\/div>\t\t<\/div>\n\t\t\t\t<\/div>\n\t\t\t\t\t<\/div>\n\t\t<\/div>\n\t\t\t\t\t\t\t<\/div>\n\t\t<\/section>\n\t\t\t\t\t\t<\/div>\n\t\t\t\t\t<\/div>\n\t\t","protected":false},"excerpt":{"rendered":"<p>The detailed scope of the rights and obligations of Court Bailiffs is set out in the Act on Court Bailiffs of 22 March 2018 (Journal of Laws of 2018, item 771, as amended, hereinafter: \u201cthe Act\u201d). According to Article 3(3) of the Act, the rights and obligations of the Court Bailiffs include the following: enforcement&hellip;<\/p>\n","protected":false},"author":1,"featured_media":0,"parent":0,"menu_order":0,"comment_status":"closed","ping_status":"closed","template":"","meta":{"footnotes":""},"class_list":["post-173","page","type-page","status-publish","hentry"],"yoast_head":"<!-- This site is optimized with the Yoast SEO plugin v27.3 - https:\/\/yoast.com\/product\/yoast-seo-wordpress\/ -->\n<title>Legal information - Komornik S\u0105dowy przy S\u0105dzie Rejonowym w \u017borach Grzegorz Ku\u017anik<\/title>\n<meta name=\"robots\" content=\"index, follow, max-snippet:-1, max-image-preview:large, max-video-preview:-1\" \/>\n<link rel=\"canonical\" href=\"https:\/\/komornik-kuznik.pl\/en\/legal-information\/\" \/>\n<meta property=\"og:locale\" content=\"en_US\" \/>\n<meta property=\"og:type\" content=\"article\" \/>\n<meta property=\"og:title\" content=\"Legal information - Komornik S\u0105dowy przy S\u0105dzie Rejonowym w \u017borach Grzegorz Ku\u017anik\" \/>\n<meta property=\"og:description\" content=\"The detailed scope of the rights and obligations of Court Bailiffs is set out in the Act on Court Bailiffs of 22 March 2018 (Journal of Laws of 2018, item 771, as amended, hereinafter: \u201cthe Act\u201d). According to Article 3(3) of the Act, the rights and obligations of the Court Bailiffs include the following: enforcement&hellip;\" \/>\n<meta property=\"og:url\" content=\"https:\/\/komornik-kuznik.pl\/en\/legal-information\/\" \/>\n<meta property=\"og:site_name\" content=\"Komornik S\u0105dowy przy S\u0105dzie Rejonowym w \u017borach Grzegorz Ku\u017anik\" \/>\n<meta property=\"article:modified_time\" content=\"2022-02-20T16:45:51+00:00\" \/>\n<meta name=\"twitter:card\" content=\"summary_large_image\" \/>\n<meta name=\"twitter:label1\" content=\"Est. reading time\" \/>\n\t<meta name=\"twitter:data1\" content=\"2 minutes\" \/>\n<script type=\"application\/ld+json\" class=\"yoast-schema-graph\">{\"@context\":\"https:\\\/\\\/schema.org\",\"@graph\":[{\"@type\":\"WebPage\",\"@id\":\"https:\\\/\\\/komornik-kuznik.pl\\\/en\\\/legal-information\\\/\",\"url\":\"https:\\\/\\\/komornik-kuznik.pl\\\/en\\\/legal-information\\\/\",\"name\":\"Legal information - Komornik S\u0105dowy przy S\u0105dzie Rejonowym w \u017borach Grzegorz Ku\u017anik\",\"isPartOf\":{\"@id\":\"https:\\\/\\\/komornik-kuznik.pl\\\/en\\\/#website\"},\"datePublished\":\"2022-02-12T16:05:18+00:00\",\"dateModified\":\"2022-02-20T16:45:51+00:00\",\"breadcrumb\":{\"@id\":\"https:\\\/\\\/komornik-kuznik.pl\\\/en\\\/legal-information\\\/#breadcrumb\"},\"inLanguage\":\"en-US\",\"potentialAction\":[{\"@type\":\"ReadAction\",\"target\":[\"https:\\\/\\\/komornik-kuznik.pl\\\/en\\\/legal-information\\\/\"]}]},{\"@type\":\"BreadcrumbList\",\"@id\":\"https:\\\/\\\/komornik-kuznik.pl\\\/en\\\/legal-information\\\/#breadcrumb\",\"itemListElement\":[{\"@type\":\"ListItem\",\"position\":1,\"name\":\"Home page\",\"item\":\"https:\\\/\\\/komornik-kuznik.pl\\\/en\\\/\"},{\"@type\":\"ListItem\",\"position\":2,\"name\":\"Legal information\"}]},{\"@type\":\"WebSite\",\"@id\":\"https:\\\/\\\/komornik-kuznik.pl\\\/en\\\/#website\",\"url\":\"https:\\\/\\\/komornik-kuznik.pl\\\/en\\\/\",\"name\":\"Komornik S\u0105dowy przy S\u0105dzie Rejonowym w \u017borach Grzegorz Ku\u017anik\",\"description\":\"Kancelaria Komornicza nr V w \u017borach\",\"publisher\":{\"@id\":\"https:\\\/\\\/komornik-kuznik.pl\\\/en\\\/#organization\"},\"potentialAction\":[{\"@type\":\"SearchAction\",\"target\":{\"@type\":\"EntryPoint\",\"urlTemplate\":\"https:\\\/\\\/komornik-kuznik.pl\\\/en\\\/?s={search_term_string}\"},\"query-input\":{\"@type\":\"PropertyValueSpecification\",\"valueRequired\":true,\"valueName\":\"search_term_string\"}}],\"inLanguage\":\"en-US\"},{\"@type\":\"Organization\",\"@id\":\"https:\\\/\\\/komornik-kuznik.pl\\\/en\\\/#organization\",\"name\":\"Komornik S\u0105dowy przy S\u0105dzie Rejonowym w \u017borach Grzegorz Ku\u017anik\",\"url\":\"https:\\\/\\\/komornik-kuznik.pl\\\/en\\\/\",\"logo\":{\"@type\":\"ImageObject\",\"inLanguage\":\"en-US\",\"@id\":\"https:\\\/\\\/komornik-kuznik.pl\\\/en\\\/#\\\/schema\\\/logo\\\/image\\\/\",\"url\":\"https:\\\/\\\/komornik-kuznik.pl\\\/en\\\/wp-content\\\/uploads\\\/2022\\\/02\\\/logo-poziome.png\",\"contentUrl\":\"https:\\\/\\\/komornik-kuznik.pl\\\/en\\\/wp-content\\\/uploads\\\/2022\\\/02\\\/logo-poziome.png\",\"width\":866,\"height\":300,\"caption\":\"Komornik S\u0105dowy przy S\u0105dzie Rejonowym w \u017borach Grzegorz Ku\u017anik\"},\"image\":{\"@id\":\"https:\\\/\\\/komornik-kuznik.pl\\\/en\\\/#\\\/schema\\\/logo\\\/image\\\/\"}}]}<\/script>\n<!-- \/ Yoast SEO plugin. -->","yoast_head_json":{"title":"Legal information - Komornik S\u0105dowy przy S\u0105dzie Rejonowym w \u017borach Grzegorz Ku\u017anik","robots":{"index":"index","follow":"follow","max-snippet":"max-snippet:-1","max-image-preview":"max-image-preview:large","max-video-preview":"max-video-preview:-1"},"canonical":"https:\/\/komornik-kuznik.pl\/en\/legal-information\/","og_locale":"en_US","og_type":"article","og_title":"Legal information - Komornik S\u0105dowy przy S\u0105dzie Rejonowym w \u017borach Grzegorz Ku\u017anik","og_description":"The detailed scope of the rights and obligations of Court Bailiffs is set out in the Act on Court Bailiffs of 22 March 2018 (Journal of Laws of 2018, item 771, as amended, hereinafter: \u201cthe Act\u201d). According to Article 3(3) of the Act, the rights and obligations of the Court Bailiffs include the following: enforcement&hellip;","og_url":"https:\/\/komornik-kuznik.pl\/en\/legal-information\/","og_site_name":"Komornik S\u0105dowy przy S\u0105dzie Rejonowym w \u017borach Grzegorz Ku\u017anik","article_modified_time":"2022-02-20T16:45:51+00:00","twitter_card":"summary_large_image","twitter_misc":{"Est. reading time":"2 minutes"},"schema":{"@context":"https:\/\/schema.org","@graph":[{"@type":"WebPage","@id":"https:\/\/komornik-kuznik.pl\/en\/legal-information\/","url":"https:\/\/komornik-kuznik.pl\/en\/legal-information\/","name":"Legal information - Komornik S\u0105dowy przy S\u0105dzie Rejonowym w \u017borach Grzegorz Ku\u017anik","isPartOf":{"@id":"https:\/\/komornik-kuznik.pl\/en\/#website"},"datePublished":"2022-02-12T16:05:18+00:00","dateModified":"2022-02-20T16:45:51+00:00","breadcrumb":{"@id":"https:\/\/komornik-kuznik.pl\/en\/legal-information\/#breadcrumb"},"inLanguage":"en-US","potentialAction":[{"@type":"ReadAction","target":["https:\/\/komornik-kuznik.pl\/en\/legal-information\/"]}]},{"@type":"BreadcrumbList","@id":"https:\/\/komornik-kuznik.pl\/en\/legal-information\/#breadcrumb","itemListElement":[{"@type":"ListItem","position":1,"name":"Home page","item":"https:\/\/komornik-kuznik.pl\/en\/"},{"@type":"ListItem","position":2,"name":"Legal information"}]},{"@type":"WebSite","@id":"https:\/\/komornik-kuznik.pl\/en\/#website","url":"https:\/\/komornik-kuznik.pl\/en\/","name":"Komornik S\u0105dowy przy S\u0105dzie Rejonowym w \u017borach Grzegorz Ku\u017anik","description":"Kancelaria Komornicza nr V w \u017borach","publisher":{"@id":"https:\/\/komornik-kuznik.pl\/en\/#organization"},"potentialAction":[{"@type":"SearchAction","target":{"@type":"EntryPoint","urlTemplate":"https:\/\/komornik-kuznik.pl\/en\/?s={search_term_string}"},"query-input":{"@type":"PropertyValueSpecification","valueRequired":true,"valueName":"search_term_string"}}],"inLanguage":"en-US"},{"@type":"Organization","@id":"https:\/\/komornik-kuznik.pl\/en\/#organization","name":"Komornik S\u0105dowy przy S\u0105dzie Rejonowym w \u017borach Grzegorz Ku\u017anik","url":"https:\/\/komornik-kuznik.pl\/en\/","logo":{"@type":"ImageObject","inLanguage":"en-US","@id":"https:\/\/komornik-kuznik.pl\/en\/#\/schema\/logo\/image\/","url":"https:\/\/komornik-kuznik.pl\/en\/wp-content\/uploads\/2022\/02\/logo-poziome.png","contentUrl":"https:\/\/komornik-kuznik.pl\/en\/wp-content\/uploads\/2022\/02\/logo-poziome.png","width":866,"height":300,"caption":"Komornik S\u0105dowy przy S\u0105dzie Rejonowym w \u017borach Grzegorz Ku\u017anik"},"image":{"@id":"https:\/\/komornik-kuznik.pl\/en\/#\/schema\/logo\/image\/"}}]}},"_links":{"self":[{"href":"https:\/\/komornik-kuznik.pl\/en\/wp-json\/wp\/v2\/pages\/173","targetHints":{"allow":["GET"]}}],"collection":[{"href":"https:\/\/komornik-kuznik.pl\/en\/wp-json\/wp\/v2\/pages"}],"about":[{"href":"https:\/\/komornik-kuznik.pl\/en\/wp-json\/wp\/v2\/types\/page"}],"author":[{"embeddable":true,"href":"https:\/\/komornik-kuznik.pl\/en\/wp-json\/wp\/v2\/users\/1"}],"replies":[{"embeddable":true,"href":"https:\/\/komornik-kuznik.pl\/en\/wp-json\/wp\/v2\/comments?post=173"}],"version-history":[{"count":25,"href":"https:\/\/komornik-kuznik.pl\/en\/wp-json\/wp\/v2\/pages\/173\/revisions"}],"predecessor-version":[{"id":489,"href":"https:\/\/komornik-kuznik.pl\/en\/wp-json\/wp\/v2\/pages\/173\/revisions\/489"}],"wp:attachment":[{"href":"https:\/\/komornik-kuznik.pl\/en\/wp-json\/wp\/v2\/media?parent=173"}],"curies":[{"name":"wp","href":"https:\/\/api.w.org\/{rel}","templated":true}]}}