{"id":2,"date":"2022-02-10T15:19:25","date_gmt":"2022-02-10T15:19:25","guid":{"rendered":"https:\/\/gkuznik.hosting24.pl\/?page_id=2"},"modified":"2022-02-21T15:22:10","modified_gmt":"2022-02-21T15:22:10","slug":"home-page","status":"publish","type":"page","link":"https:\/\/komornik-kuznik.pl\/en\/","title":{"rendered":"Home page"},"content":{"rendered":"\t\t<div data-elementor-type=\"wp-page\" data-elementor-id=\"2\" class=\"elementor elementor-2\" data-elementor-settings=\"[]\">\n\t\t\t\t\t\t\t<div class=\"elementor-section-wrap\">\n\t\t\t\t\t\t\t<section class=\"elementor-section elementor-top-section elementor-element elementor-element-11978c3 elementor-section-boxed elementor-section-height-default elementor-section-height-default\" data-id=\"11978c3\" data-element_type=\"section\">\n\t\t\t\t\t\t<div class=\"elementor-container elementor-column-gap-default\">\n\t\t\t\t\t<div class=\"elementor-column elementor-col-100 elementor-top-column elementor-element elementor-element-110559a\" data-id=\"110559a\" data-element_type=\"column\">\n\t\t\t<div class=\"elementor-widget-wrap elementor-element-populated\">\n\t\t\t\t\t\t\t\t\t<\/div>\n\t\t<\/div>\n\t\t\t\t\t\t\t<\/div>\n\t\t<\/section>\n\t\t\t\t<section class=\"elementor-section elementor-top-section elementor-element elementor-element-93ff6b3 elementor-section-boxed elementor-section-height-default elementor-section-height-default\" data-id=\"93ff6b3\" data-element_type=\"section\">\n\t\t\t\t\t\t<div class=\"elementor-container elementor-column-gap-default\">\n\t\t\t\t\t<div class=\"elementor-column elementor-col-100 elementor-top-column elementor-element elementor-element-8ae3572\" data-id=\"8ae3572\" data-element_type=\"column\">\n\t\t\t<div class=\"elementor-widget-wrap elementor-element-populated\">\n\t\t\t\t\t\t\t\t<div class=\"elementor-element elementor-element-00f2bfb elementor-widget-divider--view-line elementor-widget elementor-widget-divider\" data-id=\"00f2bfb\" data-element_type=\"widget\" data-widget_type=\"divider.default\">\n\t\t\t\t<div class=\"elementor-widget-container\">\n\t\t\t<style>\/*! elementor - v3.5.5 - 03-02-2022 *\/\n.elementor-widget-divider{--divider-border-style:none;--divider-border-width:1px;--divider-color:#2c2c2c;--divider-icon-size:20px;--divider-element-spacing:10px;--divider-pattern-height:24px;--divider-pattern-size:20px;--divider-pattern-url:none;--divider-pattern-repeat:repeat-x}.elementor-widget-divider .elementor-divider{display:-webkit-box;display:-ms-flexbox;display:flex}.elementor-widget-divider .elementor-divider__text{font-size:15px;line-height:1;max-width:95%}.elementor-widget-divider .elementor-divider__element{margin:0 var(--divider-element-spacing);-ms-flex-negative:0;flex-shrink:0}.elementor-widget-divider .elementor-icon{font-size:var(--divider-icon-size)}.elementor-widget-divider .elementor-divider-separator{display:-webkit-box;display:-ms-flexbox;display:flex;margin:0;direction:ltr}.elementor-widget-divider--view-line_icon .elementor-divider-separator,.elementor-widget-divider--view-line_text .elementor-divider-separator{-webkit-box-align:center;-ms-flex-align:center;align-items:center}.elementor-widget-divider--view-line_icon .elementor-divider-separator:after,.elementor-widget-divider--view-line_icon .elementor-divider-separator:before,.elementor-widget-divider--view-line_text .elementor-divider-separator:after,.elementor-widget-divider--view-line_text .elementor-divider-separator:before{display:block;content:\"\";border-bottom:0;-webkit-box-flex:1;-ms-flex-positive:1;flex-grow:1;border-top:var(--divider-border-width) var(--divider-border-style) var(--divider-color)}.elementor-widget-divider--element-align-left .elementor-divider .elementor-divider-separator>.elementor-divider__svg:first-of-type{-webkit-box-flex:0;-ms-flex-positive:0;flex-grow:0;-ms-flex-negative:100;flex-shrink:100}.elementor-widget-divider--element-align-left .elementor-divider-separator:before{content:none}.elementor-widget-divider--element-align-left .elementor-divider__element{margin-left:0}.elementor-widget-divider--element-align-right .elementor-divider .elementor-divider-separator>.elementor-divider__svg:last-of-type{-webkit-box-flex:0;-ms-flex-positive:0;flex-grow:0;-ms-flex-negative:100;flex-shrink:100}.elementor-widget-divider--element-align-right .elementor-divider-separator:after{content:none}.elementor-widget-divider--element-align-right .elementor-divider__element{margin-right:0}.elementor-widget-divider:not(.elementor-widget-divider--view-line_text):not(.elementor-widget-divider--view-line_icon) .elementor-divider-separator{border-top:var(--divider-border-width) var(--divider-border-style) var(--divider-color)}.elementor-widget-divider--separator-type-pattern{--divider-border-style:none}.elementor-widget-divider--separator-type-pattern.elementor-widget-divider--view-line .elementor-divider-separator,.elementor-widget-divider--separator-type-pattern:not(.elementor-widget-divider--view-line) .elementor-divider-separator:after,.elementor-widget-divider--separator-type-pattern:not(.elementor-widget-divider--view-line) .elementor-divider-separator:before,.elementor-widget-divider--separator-type-pattern:not([class*=elementor-widget-divider--view]) .elementor-divider-separator{width:100%;min-height:var(--divider-pattern-height);-webkit-mask-size:var(--divider-pattern-size) 100%;mask-size:var(--divider-pattern-size) 100%;-webkit-mask-repeat:var(--divider-pattern-repeat);mask-repeat:var(--divider-pattern-repeat);background-color:var(--divider-color);-webkit-mask-image:var(--divider-pattern-url);mask-image:var(--divider-pattern-url)}.elementor-widget-divider--no-spacing{--divider-pattern-size:auto}.elementor-widget-divider--bg-round{--divider-pattern-repeat:round}.rtl .elementor-widget-divider .elementor-divider__text{direction:rtl}<\/style>\t\t<div class=\"elementor-divider\">\n\t\t\t<span class=\"elementor-divider-separator\">\n\t\t\t\t\t\t<\/span>\n\t\t<\/div>\n\t\t\t\t<\/div>\n\t\t\t\t<\/div>\n\t\t\t\t\t<\/div>\n\t\t<\/div>\n\t\t\t\t\t\t\t<\/div>\n\t\t<\/section>\n\t\t\t\t<section class=\"elementor-section elementor-top-section elementor-element elementor-element-7875e131 elementor-section-full_width elementor-section-content-middle elementor-section-height-default elementor-section-height-default\" data-id=\"7875e131\" data-element_type=\"section\" id=\"kontakt\" data-settings=\"{&quot;background_background&quot;:&quot;classic&quot;}\">\n\t\t\t\t\t\t<div class=\"elementor-container elementor-column-gap-default\">\n\t\t\t\t\t<div class=\"elementor-column elementor-col-100 elementor-top-column elementor-element elementor-element-4424d332\" data-id=\"4424d332\" data-element_type=\"column\">\n\t\t\t<div class=\"elementor-widget-wrap elementor-element-populated\">\n\t\t\t\t\t\t\t\t<section class=\"elementor-section elementor-inner-section elementor-element elementor-element-29fe79fc elementor-section-full_width elementor-section-height-default elementor-section-height-default\" data-id=\"29fe79fc\" data-element_type=\"section\" data-settings=\"{&quot;background_background&quot;:&quot;classic&quot;}\">\n\t\t\t\t\t\t<div class=\"elementor-container elementor-column-gap-default\">\n\t\t\t\t\t<div class=\"elementor-column elementor-col-33 elementor-inner-column elementor-element elementor-element-2743c86c\" data-id=\"2743c86c\" data-element_type=\"column\">\n\t\t\t<div class=\"elementor-widget-wrap elementor-element-populated\">\n\t\t\t\t\t\t\t\t<div class=\"elementor-element elementor-element-5cfb2e08 elementor-widget elementor-widget-heading\" data-id=\"5cfb2e08\" data-element_type=\"widget\" data-widget_type=\"heading.default\">\n\t\t\t\t<div class=\"elementor-widget-container\">\n\t\t\t<style>\/*! elementor - v3.5.5 - 03-02-2022 *\/\n.elementor-heading-title{padding:0;margin:0;line-height:1}.elementor-widget-heading .elementor-heading-title[class*=elementor-size-]>a{color:inherit;font-size:inherit;line-height:inherit}.elementor-widget-heading .elementor-heading-title.elementor-size-small{font-size:15px}.elementor-widget-heading .elementor-heading-title.elementor-size-medium{font-size:19px}.elementor-widget-heading .elementor-heading-title.elementor-size-large{font-size:29px}.elementor-widget-heading .elementor-heading-title.elementor-size-xl{font-size:39px}.elementor-widget-heading .elementor-heading-title.elementor-size-xxl{font-size:59px}<\/style><div class=\"elementor-heading-title elementor-size-default\"><b>Komornik S\u0105dowy przy S\u0105dzie Rejonowym w \u017borach Grzegorz Ku\u017anik<\/b><br>\nKancelaria Komornicza nr V w \u017borach<br>\nul. Rynek 18\/1, 44-240 \u017bory, Poland<br>\ntel. +48 725-614-998<br>\nzory.kuznik@komornik.pl<\/div>\t\t<\/div>\n\t\t\t\t<\/div>\n\t\t\t\t\t<\/div>\n\t\t<\/div>\n\t\t\t\t<div class=\"elementor-column elementor-col-33 elementor-inner-column elementor-element elementor-element-51859336\" data-id=\"51859336\" data-element_type=\"column\">\n\t\t\t<div class=\"elementor-widget-wrap elementor-element-populated\">\n\t\t\t\t\t\t\t\t<div class=\"elementor-element elementor-element-657ef8d6 elementor-widget elementor-widget-heading\" data-id=\"657ef8d6\" data-element_type=\"widget\" data-widget_type=\"heading.default\">\n\t\t\t\t<div class=\"elementor-widget-container\">\n\t\t\t<div class=\"elementor-heading-title elementor-size-default\"><table><tbody><tr><td colspan=\"2\" style=\"padding:0px;\"><b>Opening hours<\/b><br><\/td>\n<\/tr><tr><td>Monday<\/td><td>8:00AM \u2013 3:00PM<\/td><\/tr>\n<tr><td>Tuesday<\/td><td>1:00PM \u2013 5:00PM<\/td><\/tr>\n<tr><td>Wednesday<\/td><td>8:00AM \u2013 3:00PM<\/td><\/tr>\n<tr><td>Thursday<\/td><td>8:00AM \u2013 3:00PM<\/td><\/tr>\n<tr><td>Friday<\/td><td>8:00AM \u2013 12:00PM<\/td><\/tr>\n<tr><td colspan=\"2\" style=\"padding:0px;\"><b>And\/or by appointment.<\/b><\/td>\n<\/tr><\/tbody><\/table>\n<br>\nWalk-in hours: Tuesdays 2:00 pm \u2013 5:00 pm and\/or by appointment.\n<\/div>\t\t<\/div>\n\t\t\t\t<\/div>\n\t\t\t\t\t<\/div>\n\t\t<\/div>\n\t\t\t\t<div class=\"elementor-column elementor-col-33 elementor-inner-column elementor-element elementor-element-6f30f99a\" data-id=\"6f30f99a\" data-element_type=\"column\">\n\t\t\t<div class=\"elementor-widget-wrap elementor-element-populated\">\n\t\t\t\t\t\t\t\t<div class=\"elementor-element elementor-element-13c55eb0 elementor-widget elementor-widget-heading\" data-id=\"13c55eb0\" data-element_type=\"widget\" data-widget_type=\"heading.default\">\n\t\t\t\t<div class=\"elementor-widget-container\">\n\t\t\t<div class=\"elementor-heading-title elementor-size-default\"><b>Our bank account number: <br><\/b>\n26 1600 1462 1808 7218 5000 0004\n<br>BNP Paribas Bank Polska S.A.<\/div>\t\t<\/div>\n\t\t\t\t<\/div>\n\t\t\t\t\t<\/div>\n\t\t<\/div>\n\t\t\t\t\t\t\t<\/div>\n\t\t<\/section>\n\t\t\t\t<div class=\"elementor-element elementor-element-5c37770 elementor-widget elementor-widget-spacer\" data-id=\"5c37770\" data-element_type=\"widget\" data-widget_type=\"spacer.default\">\n\t\t\t\t<div class=\"elementor-widget-container\">\n\t\t\t\t\t<div class=\"elementor-spacer\">\n\t\t\t<div class=\"elementor-spacer-inner\"><\/div>\n\t\t<\/div>\n\t\t\t\t<\/div>\n\t\t\t\t<\/div>\n\t\t\t\t<div class=\"elementor-element elementor-element-9acd973 elementor-widget-divider--view-line elementor-widget elementor-widget-divider\" data-id=\"9acd973\" data-element_type=\"widget\" data-widget_type=\"divider.default\">\n\t\t\t\t<div class=\"elementor-widget-container\">\n\t\t\t\t\t<div class=\"elementor-divider\">\n\t\t\t<span class=\"elementor-divider-separator\">\n\t\t\t\t\t\t<\/span>\n\t\t<\/div>\n\t\t\t\t<\/div>\n\t\t\t\t<\/div>\n\t\t\t\t\t<\/div>\n\t\t<\/div>\n\t\t\t\t\t\t\t<\/div>\n\t\t<\/section>\n\t\t\t\t<section class=\"elementor-section elementor-top-section elementor-element elementor-element-ad71734 elementor-section-full_width elementor-section-stretched elementor-section-height-default elementor-section-height-default\" data-id=\"ad71734\" data-element_type=\"section\" data-settings=\"{&quot;stretch_section&quot;:&quot;section-stretched&quot;}\">\n\t\t\t\t\t\t<div class=\"elementor-container elementor-column-gap-default\">\n\t\t\t\t\t<div class=\"elementor-column elementor-col-100 elementor-top-column elementor-element elementor-element-6aca6f6\" data-id=\"6aca6f6\" data-element_type=\"column\">\n\t\t\t<div class=\"elementor-widget-wrap elementor-element-populated\">\n\t\t\t\t\t\t\t\t<div class=\"elementor-element elementor-element-ea5ce65 elementor-widget elementor-widget-google_maps\" data-id=\"ea5ce65\" data-element_type=\"widget\" data-widget_type=\"google_maps.default\">\n\t\t\t\t<div class=\"elementor-widget-container\">\n\t\t\t<style>\/*! elementor - v3.5.5 - 03-02-2022 *\/\n.elementor-widget-google_maps .elementor-widget-container{overflow:hidden}.elementor-widget-google_maps iframe{height:300px}<\/style>\t\t<div class=\"elementor-custom-embed\">\n\t\t\t<iframe frameborder=\"0\" scrolling=\"no\" marginheight=\"0\" marginwidth=\"0\"\n\t\t\t\t\tsrc=\"https:\/\/maps.google.com\/maps?q=44-240%20%C5%BBory%2C%20ul.%20Rynek%2018%2F1&#038;t=m&#038;z=16&#038;output=embed&#038;iwloc=near\"\n\t\t\t\t\ttitle=\"44-240 \u017bory, ul. Rynek 18\/1\"\n\t\t\t\t\taria-label=\"44-240 \u017bory, ul. Rynek 18\/1\"\n\t\t\t><\/iframe>\n\t\t<\/div>\n\t\t\t\t<\/div>\n\t\t\t\t<\/div>\n\t\t\t\t\t<\/div>\n\t\t<\/div>\n\t\t\t\t\t\t\t<\/div>\n\t\t<\/section>\n\t\t\t\t\t\t<\/div>\n\t\t\t\t\t<\/div>\n\t\t","protected":false},"excerpt":{"rendered":"<p>Komornik S\u0105dowy przy S\u0105dzie Rejonowym w \u017borach Grzegorz Ku\u017anik Kancelaria Komornicza nr V w \u017borach ul. Rynek 18\/1, 44-240 \u017bory, Poland tel. +48 725-614-998 zory.kuznik@komornik.pl Opening hours Monday 8:00AM \u2013 3:00PM Tuesday 1:00PM \u2013 5:00PM Wednesday 8:00AM \u2013 3:00PM Thursday 8:00AM \u2013 3:00PM Friday 8:00AM \u2013 12:00PM And\/or by appointment. Walk-in hours: Tuesdays 2:00 pm&hellip;<\/p>\n","protected":false},"author":1,"featured_media":0,"parent":0,"menu_order":0,"comment_status":"closed","ping_status":"closed","template":"","meta":{"footnotes":""},"class_list":["post-2","page","type-page","status-publish","hentry"],"yoast_head":"<!-- This site is optimized with the Yoast SEO plugin v27.3 - https:\/\/yoast.com\/product\/yoast-seo-wordpress\/ -->\n<title>Home page - Komornik S\u0105dowy przy S\u0105dzie Rejonowym w \u017borach Grzegorz Ku\u017anik<\/title>\n<meta name=\"description\" content=\"Komornik S\u0105dowy dr Grzegorz Ku\u017anik post\u0119powania egzekucyjne, zabezpieczaj\u0105ce, dor\u0119czenia korespondencji s\u0105dowej, protoko\u0142y stanu faktycznego\" \/>\n<meta name=\"robots\" content=\"index, follow, max-snippet:-1, max-image-preview:large, max-video-preview:-1\" \/>\n<link rel=\"canonical\" href=\"https:\/\/komornik-kuznik.pl\/en\/\" \/>\n<meta property=\"og:locale\" content=\"en_US\" \/>\n<meta property=\"og:type\" content=\"article\" \/>\n<meta property=\"og:title\" content=\"Home page - Komornik S\u0105dowy przy S\u0105dzie Rejonowym w \u017borach Grzegorz Ku\u017anik\" \/>\n<meta property=\"og:description\" content=\"Komornik S\u0105dowy dr Grzegorz Ku\u017anik post\u0119powania egzekucyjne, zabezpieczaj\u0105ce, dor\u0119czenia korespondencji s\u0105dowej, protoko\u0142y stanu faktycznego\" \/>\n<meta property=\"og:url\" content=\"https:\/\/komornik-kuznik.pl\/en\/\" \/>\n<meta property=\"og:site_name\" content=\"Komornik S\u0105dowy przy S\u0105dzie Rejonowym w \u017borach Grzegorz Ku\u017anik\" \/>\n<meta property=\"article:modified_time\" content=\"2022-02-21T15:22:10+00:00\" \/>\n<meta name=\"twitter:card\" content=\"summary_large_image\" \/>\n<meta name=\"twitter:label1\" content=\"Est. reading time\" \/>\n\t<meta name=\"twitter:data1\" content=\"1 minute\" \/>\n<script type=\"application\/ld+json\" class=\"yoast-schema-graph\">{\"@context\":\"https:\\\/\\\/schema.org\",\"@graph\":[{\"@type\":\"WebPage\",\"@id\":\"https:\\\/\\\/komornik-kuznik.pl\\\/en\\\/\",\"url\":\"https:\\\/\\\/komornik-kuznik.pl\\\/en\\\/\",\"name\":\"Home page - Komornik S\u0105dowy przy S\u0105dzie Rejonowym w \u017borach Grzegorz Ku\u017anik\",\"isPartOf\":{\"@id\":\"https:\\\/\\\/komornik-kuznik.pl\\\/en\\\/#website\"},\"datePublished\":\"2022-02-10T15:19:25+00:00\",\"dateModified\":\"2022-02-21T15:22:10+00:00\",\"description\":\"Komornik S\u0105dowy dr Grzegorz Ku\u017anik post\u0119powania egzekucyjne, zabezpieczaj\u0105ce, dor\u0119czenia korespondencji s\u0105dowej, protoko\u0142y stanu faktycznego\",\"breadcrumb\":{\"@id\":\"https:\\\/\\\/komornik-kuznik.pl\\\/en\\\/#breadcrumb\"},\"inLanguage\":\"en-US\",\"potentialAction\":[{\"@type\":\"ReadAction\",\"target\":[\"https:\\\/\\\/komornik-kuznik.pl\\\/en\\\/\"]}]},{\"@type\":\"BreadcrumbList\",\"@id\":\"https:\\\/\\\/komornik-kuznik.pl\\\/en\\\/#breadcrumb\",\"itemListElement\":[{\"@type\":\"ListItem\",\"position\":1,\"name\":\"Home page\",\"item\":\"https:\\\/\\\/komornik-kuznik.pl\\\/en\\\/\"},{\"@type\":\"ListItem\",\"position\":2,\"name\":\"Home page\"}]},{\"@type\":\"WebSite\",\"@id\":\"https:\\\/\\\/komornik-kuznik.pl\\\/en\\\/#website\",\"url\":\"https:\\\/\\\/komornik-kuznik.pl\\\/en\\\/\",\"name\":\"Komornik S\u0105dowy przy S\u0105dzie Rejonowym w \u017borach Grzegorz Ku\u017anik\",\"description\":\"Kancelaria Komornicza nr V w \u017borach\",\"publisher\":{\"@id\":\"https:\\\/\\\/komornik-kuznik.pl\\\/en\\\/#organization\"},\"potentialAction\":[{\"@type\":\"SearchAction\",\"target\":{\"@type\":\"EntryPoint\",\"urlTemplate\":\"https:\\\/\\\/komornik-kuznik.pl\\\/en\\\/?s={search_term_string}\"},\"query-input\":{\"@type\":\"PropertyValueSpecification\",\"valueRequired\":true,\"valueName\":\"search_term_string\"}}],\"inLanguage\":\"en-US\"},{\"@type\":\"Organization\",\"@id\":\"https:\\\/\\\/komornik-kuznik.pl\\\/en\\\/#organization\",\"name\":\"Komornik S\u0105dowy przy S\u0105dzie Rejonowym w \u017borach Grzegorz Ku\u017anik\",\"url\":\"https:\\\/\\\/komornik-kuznik.pl\\\/en\\\/\",\"logo\":{\"@type\":\"ImageObject\",\"inLanguage\":\"en-US\",\"@id\":\"https:\\\/\\\/komornik-kuznik.pl\\\/en\\\/#\\\/schema\\\/logo\\\/image\\\/\",\"url\":\"https:\\\/\\\/komornik-kuznik.pl\\\/en\\\/wp-content\\\/uploads\\\/2022\\\/02\\\/logo-poziome.png\",\"contentUrl\":\"https:\\\/\\\/komornik-kuznik.pl\\\/en\\\/wp-content\\\/uploads\\\/2022\\\/02\\\/logo-poziome.png\",\"width\":866,\"height\":300,\"caption\":\"Komornik S\u0105dowy przy S\u0105dzie Rejonowym w \u017borach Grzegorz Ku\u017anik\"},\"image\":{\"@id\":\"https:\\\/\\\/komornik-kuznik.pl\\\/en\\\/#\\\/schema\\\/logo\\\/image\\\/\"}}]}<\/script>\n<!-- \/ Yoast SEO plugin. -->","yoast_head_json":{"title":"Home page - Komornik S\u0105dowy przy S\u0105dzie Rejonowym w \u017borach Grzegorz Ku\u017anik","description":"Komornik S\u0105dowy dr Grzegorz Ku\u017anik post\u0119powania egzekucyjne, zabezpieczaj\u0105ce, dor\u0119czenia korespondencji s\u0105dowej, protoko\u0142y stanu faktycznego","robots":{"index":"index","follow":"follow","max-snippet":"max-snippet:-1","max-image-preview":"max-image-preview:large","max-video-preview":"max-video-preview:-1"},"canonical":"https:\/\/komornik-kuznik.pl\/en\/","og_locale":"en_US","og_type":"article","og_title":"Home page - Komornik S\u0105dowy przy S\u0105dzie Rejonowym w \u017borach Grzegorz Ku\u017anik","og_description":"Komornik S\u0105dowy dr Grzegorz Ku\u017anik post\u0119powania egzekucyjne, zabezpieczaj\u0105ce, dor\u0119czenia korespondencji s\u0105dowej, protoko\u0142y stanu faktycznego","og_url":"https:\/\/komornik-kuznik.pl\/en\/","og_site_name":"Komornik S\u0105dowy przy S\u0105dzie Rejonowym w \u017borach Grzegorz Ku\u017anik","article_modified_time":"2022-02-21T15:22:10+00:00","twitter_card":"summary_large_image","twitter_misc":{"Est. reading time":"1 minute"},"schema":{"@context":"https:\/\/schema.org","@graph":[{"@type":"WebPage","@id":"https:\/\/komornik-kuznik.pl\/en\/","url":"https:\/\/komornik-kuznik.pl\/en\/","name":"Home page - Komornik S\u0105dowy przy S\u0105dzie Rejonowym w \u017borach Grzegorz Ku\u017anik","isPartOf":{"@id":"https:\/\/komornik-kuznik.pl\/en\/#website"},"datePublished":"2022-02-10T15:19:25+00:00","dateModified":"2022-02-21T15:22:10+00:00","description":"Komornik S\u0105dowy dr Grzegorz Ku\u017anik post\u0119powania egzekucyjne, zabezpieczaj\u0105ce, dor\u0119czenia korespondencji s\u0105dowej, protoko\u0142y stanu faktycznego","breadcrumb":{"@id":"https:\/\/komornik-kuznik.pl\/en\/#breadcrumb"},"inLanguage":"en-US","potentialAction":[{"@type":"ReadAction","target":["https:\/\/komornik-kuznik.pl\/en\/"]}]},{"@type":"BreadcrumbList","@id":"https:\/\/komornik-kuznik.pl\/en\/#breadcrumb","itemListElement":[{"@type":"ListItem","position":1,"name":"Home page","item":"https:\/\/komornik-kuznik.pl\/en\/"},{"@type":"ListItem","position":2,"name":"Home page"}]},{"@type":"WebSite","@id":"https:\/\/komornik-kuznik.pl\/en\/#website","url":"https:\/\/komornik-kuznik.pl\/en\/","name":"Komornik S\u0105dowy przy S\u0105dzie Rejonowym w \u017borach Grzegorz Ku\u017anik","description":"Kancelaria Komornicza nr V w \u017borach","publisher":{"@id":"https:\/\/komornik-kuznik.pl\/en\/#organization"},"potentialAction":[{"@type":"SearchAction","target":{"@type":"EntryPoint","urlTemplate":"https:\/\/komornik-kuznik.pl\/en\/?s={search_term_string}"},"query-input":{"@type":"PropertyValueSpecification","valueRequired":true,"valueName":"search_term_string"}}],"inLanguage":"en-US"},{"@type":"Organization","@id":"https:\/\/komornik-kuznik.pl\/en\/#organization","name":"Komornik S\u0105dowy przy S\u0105dzie Rejonowym w \u017borach Grzegorz Ku\u017anik","url":"https:\/\/komornik-kuznik.pl\/en\/","logo":{"@type":"ImageObject","inLanguage":"en-US","@id":"https:\/\/komornik-kuznik.pl\/en\/#\/schema\/logo\/image\/","url":"https:\/\/komornik-kuznik.pl\/en\/wp-content\/uploads\/2022\/02\/logo-poziome.png","contentUrl":"https:\/\/komornik-kuznik.pl\/en\/wp-content\/uploads\/2022\/02\/logo-poziome.png","width":866,"height":300,"caption":"Komornik S\u0105dowy przy S\u0105dzie Rejonowym w \u017borach Grzegorz Ku\u017anik"},"image":{"@id":"https:\/\/komornik-kuznik.pl\/en\/#\/schema\/logo\/image\/"}}]}},"_links":{"self":[{"href":"https:\/\/komornik-kuznik.pl\/en\/wp-json\/wp\/v2\/pages\/2","targetHints":{"allow":["GET"]}}],"collection":[{"href":"https:\/\/komornik-kuznik.pl\/en\/wp-json\/wp\/v2\/pages"}],"about":[{"href":"https:\/\/komornik-kuznik.pl\/en\/wp-json\/wp\/v2\/types\/page"}],"author":[{"embeddable":true,"href":"https:\/\/komornik-kuznik.pl\/en\/wp-json\/wp\/v2\/users\/1"}],"replies":[{"embeddable":true,"href":"https:\/\/komornik-kuznik.pl\/en\/wp-json\/wp\/v2\/comments?post=2"}],"version-history":[{"count":126,"href":"https:\/\/komornik-kuznik.pl\/en\/wp-json\/wp\/v2\/pages\/2\/revisions"}],"predecessor-version":[{"id":502,"href":"https:\/\/komornik-kuznik.pl\/en\/wp-json\/wp\/v2\/pages\/2\/revisions\/502"}],"wp:attachment":[{"href":"https:\/\/komornik-kuznik.pl\/en\/wp-json\/wp\/v2\/media?parent=2"}],"curies":[{"name":"wp","href":"https:\/\/api.w.org\/{rel}","templated":true}]}}