{"id":297,"date":"2022-02-15T20:48:35","date_gmt":"2022-02-15T20:48:35","guid":{"rendered":"https:\/\/gkuznik.hosting24.pl\/?page_id=297"},"modified":"2022-03-03T07:53:24","modified_gmt":"2022-03-03T07:53:24","slug":"applications","status":"publish","type":"page","link":"https:\/\/komornik-kuznik.pl\/en\/applications\/","title":{"rendered":"Applications"},"content":{"rendered":"\t\t<div data-elementor-type=\"wp-page\" data-elementor-id=\"297\" class=\"elementor elementor-297\" data-elementor-settings=\"[]\">\n\t\t\t\t\t\t\t<div class=\"elementor-section-wrap\">\n\t\t\t\t\t\t\t<section class=\"elementor-section elementor-top-section elementor-element elementor-element-fa2661c elementor-section-boxed elementor-section-height-default elementor-section-height-default\" data-id=\"fa2661c\" data-element_type=\"section\">\n\t\t\t\t\t\t<div class=\"elementor-container elementor-column-gap-default\">\n\t\t\t\t\t<div class=\"elementor-column elementor-col-100 elementor-top-column elementor-element elementor-element-207cd09b\" data-id=\"207cd09b\" data-element_type=\"column\">\n\t\t\t<div class=\"elementor-widget-wrap elementor-element-populated\">\n\t\t\t\t\t\t\t\t<div class=\"elementor-element elementor-element-5f7f7027 elementor-widget elementor-widget-html\" data-id=\"5f7f7027\" data-element_type=\"widget\" data-widget_type=\"html.default\">\n\t\t\t\t<div class=\"elementor-widget-container\">\n\t\t\t<style>\nol.lowerLatin > li::marker { \n   content: counter(list-item, lower-latin) ') ';\n}\n\nol.list > li::marker { \n   content: counters(list-item,'.') ') ';\n}\n.link{\n    color: white;\n    text-decoration: underline !important; \n    font-weight: bold;\n    font-family: 'Arial';\n}\n<\/style>\t\t<\/div>\n\t\t\t\t<\/div>\n\t\t\t\t\t<\/div>\n\t\t<\/div>\n\t\t\t\t\t\t\t<\/div>\n\t\t<\/section>\n\t\t\t\t<section class=\"elementor-section elementor-top-section elementor-element elementor-element-6c2b4796 elementor-section-boxed elementor-section-height-default elementor-section-height-default\" data-id=\"6c2b4796\" data-element_type=\"section\">\n\t\t\t\t\t\t<div class=\"elementor-container elementor-column-gap-default\">\n\t\t\t\t\t<div class=\"elementor-column elementor-col-100 elementor-top-column elementor-element elementor-element-8f36f96\" data-id=\"8f36f96\" data-element_type=\"column\">\n\t\t\t<div class=\"elementor-widget-wrap elementor-element-populated\">\n\t\t\t\t\t\t\t\t<div class=\"elementor-element elementor-element-62db28c6 elementor-widget elementor-widget-advanced-text-block\" data-id=\"62db28c6\" data-element_type=\"widget\" data-widget_type=\"advanced-text-block.default\">\n\t\t\t\t<div class=\"elementor-widget-container\">\n\t\t\t<div class=\"futurio_extra_adv_text_block animate-general\"  data-animate-type=\"transition.fadeIn\" data-animate-delay=\"30\"><div class=\"text-content-block\"><p>A Court Bailiff is authorized to enforce court decisions and payment orders, draw up and execute statements of facts and findings, and serve correspondence. Below you will find templates of applications to institute proceedings, which you can use when submitting your applications:<\/p><table><tbody><tr><td>Application for institution of enforcement proceedings<\/td><td><a class=\"link\" href=\"https:\/\/komornik-kuznik.pl\/en\/wp-content\/uploads\/2022\/03\/wn.-egz..odt\">ODT<\/a><\/td><td><a class=\"link\" href=\"https:\/\/komornik-kuznik.pl\/en\/wp-content\/uploads\/2022\/03\/wn.-egz.-pdf.pdf\">PDF<\/a><\/td><\/tr><tr><td>Application for enforcement of child support or alimony claims<\/td><td><a class=\"link\" href=\"https:\/\/komornik-kuznik.pl\/en\/wp-content\/uploads\/2022\/03\/wn.-alimenty-doc.odt\">ODT<\/a><\/td><td><a class=\"link\" href=\"https:\/\/komornik-kuznik.pl\/en\/wp-content\/uploads\/2022\/03\/wn.-alimenty.pdf\">PDF<\/a><\/td><\/tr><tr><td>Application for seizure of assets<\/td><td><a class=\"link\" href=\"https:\/\/komornik-kuznik.pl\/en\/wp-content\/uploads\/2022\/03\/wn.-zabezp..odt\">ODT<\/a><\/td><td><a class=\"link\" href=\"https:\/\/komornik-kuznik.pl\/en\/wp-content\/uploads\/2022\/03\/wn.-zabezp.-pdf.pdf\">PDF<\/a><\/td><\/tr><tr><td>Application for service of correspondence<\/td><td><a class=\"link\" href=\"\/wp-content\/uploads\/2022\/02\/wniosek-o-dore\u0328czenie-korespondencji.odt\">ODT<\/a><\/td><td><a class=\"link\" href=\"\/wp-content\/uploads\/2022\/02\/wniosek-o-dore\u0328czenie-korespondencji.pdf\">PDF<\/a><\/td><\/tr><tr><td>General application<\/td><td><a class=\"link\" href=\"\/wp-content\/uploads\/2022\/02\/wniosek-ogo\u0301lny.odt\">ODT<\/a><\/td><td><a class=\"link\" href=\"\/wp-content\/uploads\/2022\/02\/wniosek-ogo\u0301lny.pdf\">PDF<\/a><\/td><\/tr><\/tbody><\/table><\/div><\/div>\t\t<\/div>\n\t\t\t\t<\/div>\n\t\t\t\t\t<\/div>\n\t\t<\/div>\n\t\t\t\t\t\t\t<\/div>\n\t\t<\/section>\n\t\t\t\t\t\t<\/div>\n\t\t\t\t\t<\/div>\n\t\t","protected":false},"excerpt":{"rendered":"<p>A Court Bailiff is authorized to enforce court decisions and payment orders, draw up and execute statements of facts and findings, and serve correspondence. Below you will find templates of applications to institute proceedings, which you can use when submitting your applications: Application for institution of enforcement proceedings ODT PDF Application for enforcement of child&hellip;<\/p>\n","protected":false},"author":1,"featured_media":0,"parent":0,"menu_order":0,"comment_status":"closed","ping_status":"closed","template":"","meta":{"footnotes":""},"class_list":["post-297","page","type-page","status-publish","hentry"],"yoast_head":"<!-- This site is optimized with the Yoast SEO plugin v27.3 - https:\/\/yoast.com\/product\/yoast-seo-wordpress\/ -->\n<title>Applications - Komornik S\u0105dowy przy S\u0105dzie Rejonowym w \u017borach Grzegorz Ku\u017anik<\/title>\n<meta name=\"description\" content=\"Na tej stronie znajdziesz przyk\u0142adowe wzory wniosk\u00f3w o wszcz\u0119cie post\u0119powa\u0144 komorniczych.\" \/>\n<meta name=\"robots\" content=\"index, follow, max-snippet:-1, max-image-preview:large, max-video-preview:-1\" \/>\n<link rel=\"canonical\" href=\"https:\/\/komornik-kuznik.pl\/en\/applications\/\" \/>\n<meta property=\"og:locale\" content=\"en_US\" \/>\n<meta property=\"og:type\" content=\"article\" \/>\n<meta property=\"og:title\" content=\"Applications - Komornik S\u0105dowy przy S\u0105dzie Rejonowym w \u017borach Grzegorz Ku\u017anik\" \/>\n<meta property=\"og:description\" content=\"Na tej stronie znajdziesz przyk\u0142adowe wzory wniosk\u00f3w o wszcz\u0119cie post\u0119powa\u0144 komorniczych.\" \/>\n<meta property=\"og:url\" content=\"https:\/\/komornik-kuznik.pl\/en\/applications\/\" \/>\n<meta property=\"og:site_name\" content=\"Komornik S\u0105dowy przy S\u0105dzie Rejonowym w \u017borach Grzegorz Ku\u017anik\" \/>\n<meta property=\"article:modified_time\" content=\"2022-03-03T07:53:24+00:00\" \/>\n<meta name=\"twitter:card\" content=\"summary_large_image\" \/>\n<meta name=\"twitter:label1\" content=\"Est. reading time\" \/>\n\t<meta name=\"twitter:data1\" content=\"1 minute\" \/>\n<script type=\"application\/ld+json\" class=\"yoast-schema-graph\">{\"@context\":\"https:\\\/\\\/schema.org\",\"@graph\":[{\"@type\":\"WebPage\",\"@id\":\"https:\\\/\\\/komornik-kuznik.pl\\\/en\\\/applications\\\/\",\"url\":\"https:\\\/\\\/komornik-kuznik.pl\\\/en\\\/applications\\\/\",\"name\":\"Applications - Komornik S\u0105dowy przy S\u0105dzie Rejonowym w \u017borach Grzegorz Ku\u017anik\",\"isPartOf\":{\"@id\":\"https:\\\/\\\/komornik-kuznik.pl\\\/en\\\/#website\"},\"datePublished\":\"2022-02-15T20:48:35+00:00\",\"dateModified\":\"2022-03-03T07:53:24+00:00\",\"description\":\"Na tej stronie znajdziesz przyk\u0142adowe wzory wniosk\u00f3w o wszcz\u0119cie post\u0119powa\u0144 komorniczych.\",\"breadcrumb\":{\"@id\":\"https:\\\/\\\/komornik-kuznik.pl\\\/en\\\/applications\\\/#breadcrumb\"},\"inLanguage\":\"en-US\",\"potentialAction\":[{\"@type\":\"ReadAction\",\"target\":[\"https:\\\/\\\/komornik-kuznik.pl\\\/en\\\/applications\\\/\"]}]},{\"@type\":\"BreadcrumbList\",\"@id\":\"https:\\\/\\\/komornik-kuznik.pl\\\/en\\\/applications\\\/#breadcrumb\",\"itemListElement\":[{\"@type\":\"ListItem\",\"position\":1,\"name\":\"Home page\",\"item\":\"https:\\\/\\\/komornik-kuznik.pl\\\/en\\\/\"},{\"@type\":\"ListItem\",\"position\":2,\"name\":\"Applications\"}]},{\"@type\":\"WebSite\",\"@id\":\"https:\\\/\\\/komornik-kuznik.pl\\\/en\\\/#website\",\"url\":\"https:\\\/\\\/komornik-kuznik.pl\\\/en\\\/\",\"name\":\"Komornik S\u0105dowy przy S\u0105dzie Rejonowym w \u017borach Grzegorz Ku\u017anik\",\"description\":\"Kancelaria Komornicza nr V w \u017borach\",\"publisher\":{\"@id\":\"https:\\\/\\\/komornik-kuznik.pl\\\/en\\\/#organization\"},\"potentialAction\":[{\"@type\":\"SearchAction\",\"target\":{\"@type\":\"EntryPoint\",\"urlTemplate\":\"https:\\\/\\\/komornik-kuznik.pl\\\/en\\\/?s={search_term_string}\"},\"query-input\":{\"@type\":\"PropertyValueSpecification\",\"valueRequired\":true,\"valueName\":\"search_term_string\"}}],\"inLanguage\":\"en-US\"},{\"@type\":\"Organization\",\"@id\":\"https:\\\/\\\/komornik-kuznik.pl\\\/en\\\/#organization\",\"name\":\"Komornik S\u0105dowy przy S\u0105dzie Rejonowym w \u017borach Grzegorz Ku\u017anik\",\"url\":\"https:\\\/\\\/komornik-kuznik.pl\\\/en\\\/\",\"logo\":{\"@type\":\"ImageObject\",\"inLanguage\":\"en-US\",\"@id\":\"https:\\\/\\\/komornik-kuznik.pl\\\/en\\\/#\\\/schema\\\/logo\\\/image\\\/\",\"url\":\"https:\\\/\\\/komornik-kuznik.pl\\\/en\\\/wp-content\\\/uploads\\\/2022\\\/02\\\/logo-poziome.png\",\"contentUrl\":\"https:\\\/\\\/komornik-kuznik.pl\\\/en\\\/wp-content\\\/uploads\\\/2022\\\/02\\\/logo-poziome.png\",\"width\":866,\"height\":300,\"caption\":\"Komornik S\u0105dowy przy S\u0105dzie Rejonowym w \u017borach Grzegorz Ku\u017anik\"},\"image\":{\"@id\":\"https:\\\/\\\/komornik-kuznik.pl\\\/en\\\/#\\\/schema\\\/logo\\\/image\\\/\"}}]}<\/script>\n<!-- \/ Yoast SEO plugin. -->","yoast_head_json":{"title":"Applications - Komornik S\u0105dowy przy S\u0105dzie Rejonowym w \u017borach Grzegorz Ku\u017anik","description":"Na tej stronie znajdziesz przyk\u0142adowe wzory wniosk\u00f3w o wszcz\u0119cie post\u0119powa\u0144 komorniczych.","robots":{"index":"index","follow":"follow","max-snippet":"max-snippet:-1","max-image-preview":"max-image-preview:large","max-video-preview":"max-video-preview:-1"},"canonical":"https:\/\/komornik-kuznik.pl\/en\/applications\/","og_locale":"en_US","og_type":"article","og_title":"Applications - Komornik S\u0105dowy przy S\u0105dzie Rejonowym w \u017borach Grzegorz Ku\u017anik","og_description":"Na tej stronie znajdziesz przyk\u0142adowe wzory wniosk\u00f3w o wszcz\u0119cie post\u0119powa\u0144 komorniczych.","og_url":"https:\/\/komornik-kuznik.pl\/en\/applications\/","og_site_name":"Komornik S\u0105dowy przy S\u0105dzie Rejonowym w \u017borach Grzegorz Ku\u017anik","article_modified_time":"2022-03-03T07:53:24+00:00","twitter_card":"summary_large_image","twitter_misc":{"Est. reading time":"1 minute"},"schema":{"@context":"https:\/\/schema.org","@graph":[{"@type":"WebPage","@id":"https:\/\/komornik-kuznik.pl\/en\/applications\/","url":"https:\/\/komornik-kuznik.pl\/en\/applications\/","name":"Applications - Komornik S\u0105dowy przy S\u0105dzie Rejonowym w \u017borach Grzegorz Ku\u017anik","isPartOf":{"@id":"https:\/\/komornik-kuznik.pl\/en\/#website"},"datePublished":"2022-02-15T20:48:35+00:00","dateModified":"2022-03-03T07:53:24+00:00","description":"Na tej stronie znajdziesz przyk\u0142adowe wzory wniosk\u00f3w o wszcz\u0119cie post\u0119powa\u0144 komorniczych.","breadcrumb":{"@id":"https:\/\/komornik-kuznik.pl\/en\/applications\/#breadcrumb"},"inLanguage":"en-US","potentialAction":[{"@type":"ReadAction","target":["https:\/\/komornik-kuznik.pl\/en\/applications\/"]}]},{"@type":"BreadcrumbList","@id":"https:\/\/komornik-kuznik.pl\/en\/applications\/#breadcrumb","itemListElement":[{"@type":"ListItem","position":1,"name":"Home page","item":"https:\/\/komornik-kuznik.pl\/en\/"},{"@type":"ListItem","position":2,"name":"Applications"}]},{"@type":"WebSite","@id":"https:\/\/komornik-kuznik.pl\/en\/#website","url":"https:\/\/komornik-kuznik.pl\/en\/","name":"Komornik S\u0105dowy przy S\u0105dzie Rejonowym w \u017borach Grzegorz Ku\u017anik","description":"Kancelaria Komornicza nr V w \u017borach","publisher":{"@id":"https:\/\/komornik-kuznik.pl\/en\/#organization"},"potentialAction":[{"@type":"SearchAction","target":{"@type":"EntryPoint","urlTemplate":"https:\/\/komornik-kuznik.pl\/en\/?s={search_term_string}"},"query-input":{"@type":"PropertyValueSpecification","valueRequired":true,"valueName":"search_term_string"}}],"inLanguage":"en-US"},{"@type":"Organization","@id":"https:\/\/komornik-kuznik.pl\/en\/#organization","name":"Komornik S\u0105dowy przy S\u0105dzie Rejonowym w \u017borach Grzegorz Ku\u017anik","url":"https:\/\/komornik-kuznik.pl\/en\/","logo":{"@type":"ImageObject","inLanguage":"en-US","@id":"https:\/\/komornik-kuznik.pl\/en\/#\/schema\/logo\/image\/","url":"https:\/\/komornik-kuznik.pl\/en\/wp-content\/uploads\/2022\/02\/logo-poziome.png","contentUrl":"https:\/\/komornik-kuznik.pl\/en\/wp-content\/uploads\/2022\/02\/logo-poziome.png","width":866,"height":300,"caption":"Komornik S\u0105dowy przy S\u0105dzie Rejonowym w \u017borach Grzegorz Ku\u017anik"},"image":{"@id":"https:\/\/komornik-kuznik.pl\/en\/#\/schema\/logo\/image\/"}}]}},"_links":{"self":[{"href":"https:\/\/komornik-kuznik.pl\/en\/wp-json\/wp\/v2\/pages\/297","targetHints":{"allow":["GET"]}}],"collection":[{"href":"https:\/\/komornik-kuznik.pl\/en\/wp-json\/wp\/v2\/pages"}],"about":[{"href":"https:\/\/komornik-kuznik.pl\/en\/wp-json\/wp\/v2\/types\/page"}],"author":[{"embeddable":true,"href":"https:\/\/komornik-kuznik.pl\/en\/wp-json\/wp\/v2\/users\/1"}],"replies":[{"embeddable":true,"href":"https:\/\/komornik-kuznik.pl\/en\/wp-json\/wp\/v2\/comments?post=297"}],"version-history":[{"count":30,"href":"https:\/\/komornik-kuznik.pl\/en\/wp-json\/wp\/v2\/pages\/297\/revisions"}],"predecessor-version":[{"id":527,"href":"https:\/\/komornik-kuznik.pl\/en\/wp-json\/wp\/v2\/pages\/297\/revisions\/527"}],"wp:attachment":[{"href":"https:\/\/komornik-kuznik.pl\/en\/wp-json\/wp\/v2\/media?parent=297"}],"curies":[{"name":"wp","href":"https:\/\/api.w.org\/{rel}","templated":true}]}}